{"id":502983,"date":"2022-02-24T12:30:56","date_gmt":"2022-02-24T10:30:56","guid":{"rendered":"http:\/\/games.tactic.net\/tuote\/lumo-stars-autot-speedy\/"},"modified":"2023-10-20T13:34:22","modified_gmt":"2023-10-20T10:34:22","slug":"lumo-stars-autot-speedy","status":"publish","type":"product","link":"https:\/\/games.tactic.net\/sv\/tuote\/lumo-stars-autot-speedy\/","title":{"rendered":"Lumo Stars Racers Speedy plush"},"content":{"rendered":"<p>Storlek 20 cm. Det \u00e4r l\u00e4tt att bli k\u00e4r i Lumo Stars plyschbilar! Underbart mjuka bilar \u00e4r l\u00e4mpliga f\u00f6r barn i alla \u00e5ldrar att leka. Fast \u00e4r mitt mellannamn, Speedy \u00e4r mitt f\u00f6rnamn. Kan du gissa mitt efternamn?<\/p>\n","protected":false},"excerpt":{"rendered":"<p>Storlek 20 cm. Det \u00e4r l\u00e4tt att bli k\u00e4r i Lumo Stars plyschbilar! Underbart mjuka bilar \u00e4r l\u00e4mpliga f\u00f6r barn i alla \u00e5ldrar att leka. Fast \u00e4r mitt mellannamn, Speedy \u00e4r mitt f\u00f6rnamn. Kan du gissa mitt efternamn?<\/p>\n","protected":false},"featured_media":0,"template":"","meta":{"content-type":"","_monsterinsights_skip_tracking":false,"_monsterinsights_sitenote_active":false,"_monsterinsights_sitenote_note":"","_monsterinsights_sitenote_category":0},"product_brand":[],"product_cat":[2013],"product_tag":[853,1264,854],"brand":[{"id":1018,"name":"Lumo Stars","slug":"lumo-stars-13"}],"target-group":[],"discontinued":[],"class_list":{"0":"post-502983","1":"product","2":"type-product","3":"status-publish","5":"product_cat-racers-gosedjur-lumo-stars-5","6":"product_tag-kramgo","7":"product_tag-lumo-stars-sv","8":"product_tag-mjukdjur","9":"brand-lumo-stars-13","11":"first","12":"instock","13":"taxable","14":"shipping-taxable","15":"product-type-simple"},"aioseo_notices":[],"_links":{"self":[{"href":"https:\/\/games.tactic.net\/sv\/wp-json\/wp\/v2\/product\/502983","targetHints":{"allow":["GET"]}}],"collection":[{"href":"https:\/\/games.tactic.net\/sv\/wp-json\/wp\/v2\/product"}],"about":[{"href":"https:\/\/games.tactic.net\/sv\/wp-json\/wp\/v2\/types\/product"}],"wp:attachment":[{"href":"https:\/\/games.tactic.net\/sv\/wp-json\/wp\/v2\/media?parent=502983"}],"wp:term":[{"taxonomy":"product_brand","embeddable":true,"href":"https:\/\/games.tactic.net\/sv\/wp-json\/wp\/v2\/product_brand?post=502983"},{"taxonomy":"product_cat","embeddable":true,"href":"https:\/\/games.tactic.net\/sv\/wp-json\/wp\/v2\/product_cat?post=502983"},{"taxonomy":"product_tag","embeddable":true,"href":"https:\/\/games.tactic.net\/sv\/wp-json\/wp\/v2\/product_tag?post=502983"},{"taxonomy":"brand","embeddable":true,"href":"https:\/\/games.tactic.net\/sv\/wp-json\/wp\/v2\/brand?post=502983"},{"taxonomy":"target-group","embeddable":true,"href":"https:\/\/games.tactic.net\/sv\/wp-json\/wp\/v2\/target-group?post=502983"},{"taxonomy":"discontinued","embeddable":true,"href":"https:\/\/games.tactic.net\/sv\/wp-json\/wp\/v2\/discontinued?post=502983"}],"curies":[{"name":"wp","href":"https:\/\/api.w.org\/{rel}","templated":true}]}}