{"id":494197,"date":"2022-02-18T10:44:29","date_gmt":"2022-02-18T08:44:29","guid":{"rendered":"http:\/\/games.tactic.net\/tuote\/maps-of-the-world-puzzle-finland-1000-pcs\/"},"modified":"2023-10-17T17:01:52","modified_gmt":"2023-10-17T14:01:52","slug":"maps-of-the-world-puzzle-finland-1000-pcs","status":"publish","type":"product","link":"https:\/\/games.tactic.net\/sv\/tuote\/maps-of-the-world-puzzle-finland-1000-pcs\/","title":{"rendered":"Tactic Maps of the World Finland 1000 pcs pussel"},"content":{"rendered":"<p>S\u00e4tt dig bekv\u00e4mt, bred ut bitarna, och b\u00f6rja l\u00e4gga! Detta j\u00e4ttefina pussel \u00e4r tillverkat av FSC-certifierat paff, och kan l\u00e4ggas och tas is\u00e4r om och om igen.<\/p>\n","protected":false},"excerpt":{"rendered":"<p>S\u00e4tt dig bekv\u00e4mt, bred ut bitarna, och b\u00f6rja l\u00e4gga! Detta j\u00e4ttefina pussel \u00e4r tillverkat av FSC-certifierat paff, och kan l\u00e4ggas och tas is\u00e4r om och om igen.<\/p>\n","protected":false},"featured_media":0,"template":"","meta":{"content-type":"","_monsterinsights_skip_tracking":false,"_monsterinsights_sitenote_active":false,"_monsterinsights_sitenote_note":"","_monsterinsights_sitenote_category":0},"product_brand":[],"product_cat":[985],"product_tag":[],"brand":[{"id":605,"name":"PuzzleLovers","slug":"puzzlelovers_se"}],"target-group":[],"discontinued":[],"class_list":{"0":"post-494197","1":"product","2":"type-product","3":"status-publish","5":"product_cat-1000-bitar-2","6":"brand-puzzlelovers_se","8":"first","9":"instock","10":"taxable","11":"shipping-taxable","12":"product-type-simple"},"aioseo_notices":[],"_links":{"self":[{"href":"https:\/\/games.tactic.net\/sv\/wp-json\/wp\/v2\/product\/494197","targetHints":{"allow":["GET"]}}],"collection":[{"href":"https:\/\/games.tactic.net\/sv\/wp-json\/wp\/v2\/product"}],"about":[{"href":"https:\/\/games.tactic.net\/sv\/wp-json\/wp\/v2\/types\/product"}],"wp:attachment":[{"href":"https:\/\/games.tactic.net\/sv\/wp-json\/wp\/v2\/media?parent=494197"}],"wp:term":[{"taxonomy":"product_brand","embeddable":true,"href":"https:\/\/games.tactic.net\/sv\/wp-json\/wp\/v2\/product_brand?post=494197"},{"taxonomy":"product_cat","embeddable":true,"href":"https:\/\/games.tactic.net\/sv\/wp-json\/wp\/v2\/product_cat?post=494197"},{"taxonomy":"product_tag","embeddable":true,"href":"https:\/\/games.tactic.net\/sv\/wp-json\/wp\/v2\/product_tag?post=494197"},{"taxonomy":"brand","embeddable":true,"href":"https:\/\/games.tactic.net\/sv\/wp-json\/wp\/v2\/brand?post=494197"},{"taxonomy":"target-group","embeddable":true,"href":"https:\/\/games.tactic.net\/sv\/wp-json\/wp\/v2\/target-group?post=494197"},{"taxonomy":"discontinued","embeddable":true,"href":"https:\/\/games.tactic.net\/sv\/wp-json\/wp\/v2\/discontinued?post=494197"}],"curies":[{"name":"wp","href":"https:\/\/api.w.org\/{rel}","templated":true}]}}