{"id":484744,"date":"2022-02-10T09:08:27","date_gmt":"2022-02-10T07:08:27","guid":{"rendered":"https:\/\/games.tactic.net\/tuote\/bondgardsdjur-3\/"},"modified":"2023-10-23T11:27:32","modified_gmt":"2023-10-23T08:27:32","slug":"bondgardsdjur-3","status":"publish","type":"product","link":"https:\/\/games.tactic.net\/sv\/tuote\/bondgardsdjur-3\/","title":{"rendered":"Tactic BONDG\u00c5RDSDJUR Pysselbok med klisterm\u00e4rken"},"content":{"rendered":"<p>Massor av h\u00e4rliga klisterm\u00e4rken p\u00e5 fina djur fr\u00e5n bondg\u00e5rden tillsammans med roliga pysseluppgifter!<\/p>\n","protected":false},"excerpt":{"rendered":"<p>Massor av h\u00e4rliga klisterm\u00e4rken p\u00e5 fina djur fr\u00e5n bondg\u00e5rden tillsammans med roliga pysseluppgifter!<\/p>\n","protected":false},"featured_media":0,"template":"","meta":{"content-type":"","_monsterinsights_skip_tracking":false,"_monsterinsights_sitenote_active":false,"_monsterinsights_sitenote_note":"","_monsterinsights_sitenote_category":0},"product_brand":[],"product_cat":[1531],"product_tag":[],"brand":[],"target-group":[],"discontinued":[],"class_list":{"0":"post-484744","1":"product","2":"type-product","3":"status-publish","5":"product_cat-pysselbok-med-klistermarken","7":"first","8":"instock","9":"taxable","10":"shipping-taxable","11":"product-type-simple"},"aioseo_notices":[],"_links":{"self":[{"href":"https:\/\/games.tactic.net\/sv\/wp-json\/wp\/v2\/product\/484744","targetHints":{"allow":["GET"]}}],"collection":[{"href":"https:\/\/games.tactic.net\/sv\/wp-json\/wp\/v2\/product"}],"about":[{"href":"https:\/\/games.tactic.net\/sv\/wp-json\/wp\/v2\/types\/product"}],"wp:attachment":[{"href":"https:\/\/games.tactic.net\/sv\/wp-json\/wp\/v2\/media?parent=484744"}],"wp:term":[{"taxonomy":"product_brand","embeddable":true,"href":"https:\/\/games.tactic.net\/sv\/wp-json\/wp\/v2\/product_brand?post=484744"},{"taxonomy":"product_cat","embeddable":true,"href":"https:\/\/games.tactic.net\/sv\/wp-json\/wp\/v2\/product_cat?post=484744"},{"taxonomy":"product_tag","embeddable":true,"href":"https:\/\/games.tactic.net\/sv\/wp-json\/wp\/v2\/product_tag?post=484744"},{"taxonomy":"brand","embeddable":true,"href":"https:\/\/games.tactic.net\/sv\/wp-json\/wp\/v2\/brand?post=484744"},{"taxonomy":"target-group","embeddable":true,"href":"https:\/\/games.tactic.net\/sv\/wp-json\/wp\/v2\/target-group?post=484744"},{"taxonomy":"discontinued","embeddable":true,"href":"https:\/\/games.tactic.net\/sv\/wp-json\/wp\/v2\/discontinued?post=484744"}],"curies":[{"name":"wp","href":"https:\/\/api.w.org\/{rel}","templated":true}]}}