{"id":48168,"date":"2020-08-19T17:50:29","date_gmt":"2020-08-19T14:50:29","guid":{"rendered":"https:\/\/dev.tactic.net\/tuote\/flitiga-biet\/"},"modified":"2022-02-09T13:47:09","modified_gmt":"2022-02-09T11:47:09","slug":"flitiga-biet","status":"archive","type":"product","link":"https:\/\/games.tactic.net\/sv\/tuote\/flitiga-biet\/","title":{"rendered":"Flitiga Biet"},"content":{"rendered":"<div>Surra runt med ditt bi p\u00e5 \u00e4ngen och bli f\u00f6rst med att hitta de r\u00e4tta blommorna. N\u00e4r du v\u00e4nder ett kort f\u00e5r du veta i vilken ordning du ska plocka blommorna, och g\u00f6r det fort \u2013 det snabbaste biet vinner po\u00e4ng! Ett roligt para ihop-spel med massor av action f\u00f6r de yngsta spelarna.<\/div>\n<div><\/div>\n<div>\u2022 Bin och blommor i h\u00e5llbar plast.<\/div>\n<div>\u2022 Ett spel som \u00e4r l\u00e4tt att f\u00f6rst\u00e5 f\u00f6r de allra yngsta.<\/div>\n<div>\u2022 Se upp f\u00f6r krypet som f\u00f6rs\u00f6ker f\u00f6rst\u00f6ra ditt spel.<\/div>\n","protected":false},"excerpt":{"rendered":"<div>Surra runt med ditt bi p\u00e5 \u00e4ngen och bli f\u00f6rst med att hitta de r\u00e4tta blommorna. N\u00e4r du v\u00e4nder ett kort f\u00e5r du veta i vilken ordning du ska plocka blommorna, och g\u00f6r det fort \u2013 det snabbaste biet vinner po\u00e4ng! Ett roligt para ihop-spel med massor av action f\u00f6r de yngsta spelarna.<\/div>\n","protected":false},"featured_media":0,"template":"","meta":{"content-type":"","_monsterinsights_skip_tracking":false,"_monsterinsights_sitenote_active":false,"_monsterinsights_sitenote_note":"","_monsterinsights_sitenote_category":0},"product_brand":[],"product_cat":[1462],"product_tag":[1226,1254],"brand":[],"target-group":[],"discontinued":[],"class_list":{"0":"post-48168","1":"product","2":"type-product","3":"status-archive","5":"product_cat-bradspel-barnspel","6":"product_tag-hastighet-sv","7":"product_tag-pedagogisk-sv","9":"first","10":"outofstock","11":"taxable","12":"shipping-taxable","13":"product-type-simple"},"aioseo_notices":[],"_links":{"self":[{"href":"https:\/\/games.tactic.net\/sv\/wp-json\/wp\/v2\/product\/48168","targetHints":{"allow":["GET"]}}],"collection":[{"href":"https:\/\/games.tactic.net\/sv\/wp-json\/wp\/v2\/product"}],"about":[{"href":"https:\/\/games.tactic.net\/sv\/wp-json\/wp\/v2\/types\/product"}],"wp:attachment":[{"href":"https:\/\/games.tactic.net\/sv\/wp-json\/wp\/v2\/media?parent=48168"}],"wp:term":[{"taxonomy":"product_brand","embeddable":true,"href":"https:\/\/games.tactic.net\/sv\/wp-json\/wp\/v2\/product_brand?post=48168"},{"taxonomy":"product_cat","embeddable":true,"href":"https:\/\/games.tactic.net\/sv\/wp-json\/wp\/v2\/product_cat?post=48168"},{"taxonomy":"product_tag","embeddable":true,"href":"https:\/\/games.tactic.net\/sv\/wp-json\/wp\/v2\/product_tag?post=48168"},{"taxonomy":"brand","embeddable":true,"href":"https:\/\/games.tactic.net\/sv\/wp-json\/wp\/v2\/brand?post=48168"},{"taxonomy":"target-group","embeddable":true,"href":"https:\/\/games.tactic.net\/sv\/wp-json\/wp\/v2\/target-group?post=48168"},{"taxonomy":"discontinued","embeddable":true,"href":"https:\/\/games.tactic.net\/sv\/wp-json\/wp\/v2\/discontinued?post=48168"}],"curies":[{"name":"wp","href":"https:\/\/api.w.org\/{rel}","templated":true}]}}