{"id":47892,"date":"2020-08-13T14:29:48","date_gmt":"2020-08-13T11:29:48","guid":{"rendered":"https:\/\/dev.tactic.net\/tuote\/kurragomma-i-safariparken\/"},"modified":"2023-10-25T13:31:49","modified_gmt":"2023-10-25T10:31:49","slug":"kurragomma-i-safariparken","status":"publish","type":"product","link":"https:\/\/games.tactic.net\/sv\/tuote\/kurragomma-i-safariparken\/","title":{"rendered":"Tactic Kurrag\u00f6mma i Safariparken br\u00e4dspel"},"content":{"rendered":"<p>V\u00e4lkommen p\u00e5 safari! Leta efter och peka p\u00e5 safaridjuren som visas p\u00e5 korten. Om du \u00e4r f\u00f6re de andra spelarna bel\u00f6nas du med en djurfigur.<\/p>\n<p><img decoding=\"async\" src=\"https:\\\\\\\\games.tactic.net\\\\pic\\\\logo\\\\SE_2020_Arets-Barnspel.png\"><img decoding=\"async\" src=\"https:\\\\\\\\games.tactic.net\\\\pic\\\\logo\\\\FI_2020_Vuoden_Lastenpelit.png\"><img decoding=\"async\" src=\"https:\\\\\\\\games.tactic.net\\\\pic\\\\logo\\\\Awarded_concept.png\"><\/p>\n","protected":false},"excerpt":{"rendered":"<p>V\u00e4lkommen p\u00e5 safari! Leta efter och peka p\u00e5 safaridjuren som visas p\u00e5 korten. Om du \u00e4r f\u00f6re de andra spelarna bel\u00f6nas du med en djurfigur.<\/p>\n","protected":false},"featured_media":0,"template":"","meta":{"content-type":"","_monsterinsights_skip_tracking":false,"_monsterinsights_sitenote_active":false,"_monsterinsights_sitenote_note":"","_monsterinsights_sitenote_category":0},"product_brand":[],"product_cat":[1462],"product_tag":[1220,1226,1235],"brand":[],"target-group":[],"discontinued":[],"class_list":{"0":"post-47892","1":"product","2":"type-product","3":"status-publish","5":"product_cat-bradspel-barnspel","6":"product_tag-aktion-sv","7":"product_tag-hastighet-sv","8":"product_tag-kombinera-sv","10":"first","11":"instock","12":"taxable","13":"shipping-taxable","14":"product-type-simple"},"aioseo_notices":[],"_links":{"self":[{"href":"https:\/\/games.tactic.net\/sv\/wp-json\/wp\/v2\/product\/47892","targetHints":{"allow":["GET"]}}],"collection":[{"href":"https:\/\/games.tactic.net\/sv\/wp-json\/wp\/v2\/product"}],"about":[{"href":"https:\/\/games.tactic.net\/sv\/wp-json\/wp\/v2\/types\/product"}],"wp:attachment":[{"href":"https:\/\/games.tactic.net\/sv\/wp-json\/wp\/v2\/media?parent=47892"}],"wp:term":[{"taxonomy":"product_brand","embeddable":true,"href":"https:\/\/games.tactic.net\/sv\/wp-json\/wp\/v2\/product_brand?post=47892"},{"taxonomy":"product_cat","embeddable":true,"href":"https:\/\/games.tactic.net\/sv\/wp-json\/wp\/v2\/product_cat?post=47892"},{"taxonomy":"product_tag","embeddable":true,"href":"https:\/\/games.tactic.net\/sv\/wp-json\/wp\/v2\/product_tag?post=47892"},{"taxonomy":"brand","embeddable":true,"href":"https:\/\/games.tactic.net\/sv\/wp-json\/wp\/v2\/brand?post=47892"},{"taxonomy":"target-group","embeddable":true,"href":"https:\/\/games.tactic.net\/sv\/wp-json\/wp\/v2\/target-group?post=47892"},{"taxonomy":"discontinued","embeddable":true,"href":"https:\/\/games.tactic.net\/sv\/wp-json\/wp\/v2\/discontinued?post=47892"}],"curies":[{"name":"wp","href":"https:\/\/api.w.org\/{rel}","templated":true}]}}