{"id":477885,"date":"2022-02-08T15:21:21","date_gmt":"2022-02-08T13:21:21","guid":{"rendered":"https:\/\/games.tactic.net\/tuote\/paw-patrol-movie-3-in-1-lotto-domino-memo\/"},"modified":"2023-05-22T10:48:18","modified_gmt":"2023-05-22T07:48:18","slug":"paw-patrol-movie-3-in-1-lotto-domino-memo","status":"archive","type":"product","link":"https:\/\/games.tactic.net\/sv\/tuote\/paw-patrol-movie-3-in-1-lotto-domino-memo\/","title":{"rendered":"Paw Patrol Movie 3-in-1 (Lotto, Domino, Memo)"},"content":{"rendered":"<p>Duktiga valpar! Detta kompakta trippelspelpaket passar perfekt f\u00f6r alla sm\u00e5 PAW Patrol-entusiaster! De v\u00e4lk\u00e4nda spelen \u00e4r l\u00e4tta att l\u00e4ra sig och fr\u00e4mjar inl\u00e4rning av nya saker, stimulerar observationsf\u00f6rm\u00e5gan och l\u00e4r barnen att v\u00e4nta p\u00e5 sin tur.<\/p>\n<ul>\n<li>Med de v\u00e4lk\u00e4nda figurerna fr\u00e5n filmen och TV-serien PAW Patrol. <\/li>\n<li>Tre klassiska spel i ett!<\/li>\n<\/ul>\n","protected":false},"excerpt":{"rendered":"<p>Duktiga valpar! Detta kompakta trippelspelpaket passar perfekt f\u00f6r alla sm\u00e5 PAW Patrol-entusiaster! De v\u00e4lk\u00e4nda spelen \u00e4r l\u00e4tta att l\u00e4ra sig och fr\u00e4mjar inl\u00e4rning av nya saker, stimulerar observationsf\u00f6rm\u00e5gan och l\u00e4r barnen att v\u00e4nta p\u00e5 sin tur.<\/p>\n<ul>\n<li>\n","protected":false},"featured_media":0,"template":"","meta":{"content-type":"","_monsterinsights_skip_tracking":false,"_monsterinsights_sitenote_active":false,"_monsterinsights_sitenote_note":"","_monsterinsights_sitenote_category":0},"product_brand":[],"product_cat":[1462],"product_tag":[],"brand":[],"target-group":[],"discontinued":[],"class_list":{"0":"post-477885","1":"product","2":"type-product","3":"status-archive","5":"product_cat-bradspel-barnspel","7":"first","8":"instock","9":"taxable","10":"shipping-taxable","11":"product-type-simple"},"aioseo_notices":[],"_links":{"self":[{"href":"https:\/\/games.tactic.net\/sv\/wp-json\/wp\/v2\/product\/477885","targetHints":{"allow":["GET"]}}],"collection":[{"href":"https:\/\/games.tactic.net\/sv\/wp-json\/wp\/v2\/product"}],"about":[{"href":"https:\/\/games.tactic.net\/sv\/wp-json\/wp\/v2\/types\/product"}],"wp:attachment":[{"href":"https:\/\/games.tactic.net\/sv\/wp-json\/wp\/v2\/media?parent=477885"}],"wp:term":[{"taxonomy":"product_brand","embeddable":true,"href":"https:\/\/games.tactic.net\/sv\/wp-json\/wp\/v2\/product_brand?post=477885"},{"taxonomy":"product_cat","embeddable":true,"href":"https:\/\/games.tactic.net\/sv\/wp-json\/wp\/v2\/product_cat?post=477885"},{"taxonomy":"product_tag","embeddable":true,"href":"https:\/\/games.tactic.net\/sv\/wp-json\/wp\/v2\/product_tag?post=477885"},{"taxonomy":"brand","embeddable":true,"href":"https:\/\/games.tactic.net\/sv\/wp-json\/wp\/v2\/brand?post=477885"},{"taxonomy":"target-group","embeddable":true,"href":"https:\/\/games.tactic.net\/sv\/wp-json\/wp\/v2\/target-group?post=477885"},{"taxonomy":"discontinued","embeddable":true,"href":"https:\/\/games.tactic.net\/sv\/wp-json\/wp\/v2\/discontinued?post=477885"}],"curies":[{"name":"wp","href":"https:\/\/api.w.org\/{rel}","templated":true}]}}