{"id":477828,"date":"2022-02-08T15:01:14","date_gmt":"2022-02-08T13:01:14","guid":{"rendered":"https:\/\/games.tactic.net\/tuote\/maxi-yatzy-med-tratarningar\/"},"modified":"2023-10-25T14:48:46","modified_gmt":"2023-10-25T11:48:46","slug":"maxi-yatzy-med-tratarningar","status":"publish","type":"product","link":"https:\/\/games.tactic.net\/sv\/tuote\/maxi-yatzy-med-tratarningar\/","title":{"rendered":"Tactic Maxi Yatzy with Wooden Dice"},"content":{"rendered":"<p>Vem blir m\u00e4staren i Yatzy? Det alltid lika popul\u00e4ra spelet Yatzy \u00e4r underh\u00e5llande f\u00f6r spelare i alla \u00e5ldrar, och Maxi Yatzy erbjuder spelarna n\u00e5got alldeles extra. Med sex t\u00e4rningar finns fler m\u00f6jliga kombinationer, och striden om segern kommer att bli \u00e4nnu mer intensiv!<\/p>\n","protected":false},"excerpt":{"rendered":"<p>Vem blir m\u00e4staren i Yatzy? Det alltid lika popul\u00e4ra spelet Yatzy \u00e4r underh\u00e5llande f\u00f6r spelare i alla \u00e5ldrar, och Maxi Yatzy erbjuder spelarna n\u00e5got alldeles extra. Med sex t\u00e4rningar finns fler m\u00f6jliga kombinationer, och striden om segern kommer att bli \u00e4nnu mer intensiv!<\/p>\n","protected":false},"featured_media":0,"template":"","meta":{"content-type":"","_monsterinsights_skip_tracking":false,"_monsterinsights_sitenote_active":false,"_monsterinsights_sitenote_note":"","_monsterinsights_sitenote_category":0},"product_brand":[],"product_cat":[1563,1578],"product_tag":[],"brand":[],"target-group":[],"discontinued":[],"class_list":{"0":"post-477828","1":"product","2":"type-product","3":"status-publish","5":"product_cat-kort-och-tarningsspel","6":"product_cat-kort-och-tarningsspel-familjespel","8":"first","9":"instock","10":"taxable","11":"shipping-taxable","12":"product-type-simple"},"aioseo_notices":[],"_links":{"self":[{"href":"https:\/\/games.tactic.net\/sv\/wp-json\/wp\/v2\/product\/477828","targetHints":{"allow":["GET"]}}],"collection":[{"href":"https:\/\/games.tactic.net\/sv\/wp-json\/wp\/v2\/product"}],"about":[{"href":"https:\/\/games.tactic.net\/sv\/wp-json\/wp\/v2\/types\/product"}],"wp:attachment":[{"href":"https:\/\/games.tactic.net\/sv\/wp-json\/wp\/v2\/media?parent=477828"}],"wp:term":[{"taxonomy":"product_brand","embeddable":true,"href":"https:\/\/games.tactic.net\/sv\/wp-json\/wp\/v2\/product_brand?post=477828"},{"taxonomy":"product_cat","embeddable":true,"href":"https:\/\/games.tactic.net\/sv\/wp-json\/wp\/v2\/product_cat?post=477828"},{"taxonomy":"product_tag","embeddable":true,"href":"https:\/\/games.tactic.net\/sv\/wp-json\/wp\/v2\/product_tag?post=477828"},{"taxonomy":"brand","embeddable":true,"href":"https:\/\/games.tactic.net\/sv\/wp-json\/wp\/v2\/brand?post=477828"},{"taxonomy":"target-group","embeddable":true,"href":"https:\/\/games.tactic.net\/sv\/wp-json\/wp\/v2\/target-group?post=477828"},{"taxonomy":"discontinued","embeddable":true,"href":"https:\/\/games.tactic.net\/sv\/wp-json\/wp\/v2\/discontinued?post=477828"}],"curies":[{"name":"wp","href":"https:\/\/api.w.org\/{rel}","templated":true}]}}