{"id":47683,"date":"2020-08-10T18:44:52","date_gmt":"2020-08-10T15:44:52","guid":{"rendered":"https:\/\/dev.tactic.net\/tuote\/pang-pa\/"},"modified":"2023-05-02T08:42:22","modified_gmt":"2023-05-02T05:42:22","slug":"pang-pa","status":"archive","type":"product","link":"https:\/\/games.tactic.net\/sv\/tuote\/pang-pa\/","title":{"rendered":"Pang p\u00e5!"},"content":{"rendered":"<div>Roligt och aktivt charadspel f\u00f6r barn. En spelare agerar med hj\u00e4lp av kroppsspr\u00e5k och ljud och de andra gissar. De som gissar f\u00f6rs\u00f6ker f\u00e5nga kortet som matchar sk\u00e5despelarens agerande genom att smasha det r\u00e4tta kortet med sina klubbor. Den snabbaste smasharen vinner kortet. F\u00f6rst till fem vinner. Perfekt f\u00f6r unga spelare d\u00e5 det \u00e4r fullt upp med saker som h\u00e4nder genom spelomg\u00e5ngarna. <\/div>\n<div><\/div>\n<div>\u2022 F\u00e4rgglada klubbor medf\u00f6ljer.<\/div>\n","protected":false},"excerpt":{"rendered":"<div>Roligt och aktivt charadspel f\u00f6r barn. En spelare agerar och de andra gissar. De som gissar f\u00f6rs\u00f6ker f\u00e5nga kortet som matchar sk\u00e5despelarens agerande genom att smasha det med sina klubbor. Den snabbaste smasharen vinner kortet. F\u00f6rst till fem vinner.<\/div>\n","protected":false},"featured_media":0,"template":"","meta":{"content-type":"","_monsterinsights_skip_tracking":false,"_monsterinsights_sitenote_active":false,"_monsterinsights_sitenote_note":"","_monsterinsights_sitenote_category":0},"product_brand":[],"product_cat":[1462],"product_tag":[1226,1254],"brand":[],"target-group":[],"discontinued":[],"class_list":{"0":"post-47683","1":"product","2":"type-product","3":"status-archive","5":"product_cat-bradspel-barnspel","6":"product_tag-hastighet-sv","7":"product_tag-pedagogisk-sv","9":"first","10":"outofstock","11":"taxable","12":"shipping-taxable","13":"product-type-simple"},"aioseo_notices":[],"_links":{"self":[{"href":"https:\/\/games.tactic.net\/sv\/wp-json\/wp\/v2\/product\/47683","targetHints":{"allow":["GET"]}}],"collection":[{"href":"https:\/\/games.tactic.net\/sv\/wp-json\/wp\/v2\/product"}],"about":[{"href":"https:\/\/games.tactic.net\/sv\/wp-json\/wp\/v2\/types\/product"}],"wp:attachment":[{"href":"https:\/\/games.tactic.net\/sv\/wp-json\/wp\/v2\/media?parent=47683"}],"wp:term":[{"taxonomy":"product_brand","embeddable":true,"href":"https:\/\/games.tactic.net\/sv\/wp-json\/wp\/v2\/product_brand?post=47683"},{"taxonomy":"product_cat","embeddable":true,"href":"https:\/\/games.tactic.net\/sv\/wp-json\/wp\/v2\/product_cat?post=47683"},{"taxonomy":"product_tag","embeddable":true,"href":"https:\/\/games.tactic.net\/sv\/wp-json\/wp\/v2\/product_tag?post=47683"},{"taxonomy":"brand","embeddable":true,"href":"https:\/\/games.tactic.net\/sv\/wp-json\/wp\/v2\/brand?post=47683"},{"taxonomy":"target-group","embeddable":true,"href":"https:\/\/games.tactic.net\/sv\/wp-json\/wp\/v2\/target-group?post=47683"},{"taxonomy":"discontinued","embeddable":true,"href":"https:\/\/games.tactic.net\/sv\/wp-json\/wp\/v2\/discontinued?post=47683"}],"curies":[{"name":"wp","href":"https:\/\/api.w.org\/{rel}","templated":true}]}}