{"id":47557,"date":"2020-08-10T13:07:33","date_gmt":"2020-08-10T10:07:33","guid":{"rendered":"https:\/\/dev.tactic.net\/tuote\/havets-3-i-rad\/"},"modified":"2023-05-02T08:41:34","modified_gmt":"2023-05-02T05:41:34","slug":"havets-3-i-rad","status":"archive","type":"product","link":"https:\/\/games.tactic.net\/sv\/tuote\/havets-3-i-rad\/","title":{"rendered":"Havets 3 i rad"},"content":{"rendered":"<div>I detta roliga och aktiva spel bland delfiner och s\u00e4lar f\u00e5r du en riktig utmaning. Spela tv\u00e5 personer, eller i lag och f\u00f6rs\u00f6k f\u00e5 tre i rad genom att studsa badbollarna s\u00e5 att de landar i v\u00e5gorna utan att hamna bland hajarna. N\u00e4r ett lag lyckats f\u00e5 tre i rad f\u00e5r laget en flagga som de kan placera p\u00e5 \u00f6n. F\u00f6rst med att ha tre flaggor p\u00e5 \u00f6n vinner.<\/div>\n<div><\/div>\n<div>\u2022 Fantastiskt 3D-spel.<\/div>\n<div>\u2022 Roligt f\u00f6r alla \u00e5ldrar.<\/div>\n<div>\u2022 Tr\u00e4nar barns finmotorik.<\/div>\n","protected":false},"excerpt":{"rendered":"<div>I detta roliga och aktiva spel bland delfiner och s\u00e4lar f\u00e5r du en riktig utmaning. Spela i lag och f\u00f6rs\u00f6k f\u00e5 tre i rad genom att studsa badbollarna s\u00e5 att de landar i v\u00e5gorna. N\u00e4r ni lyckats placerar ni er flagga p\u00e5 \u00f6n. F\u00f6rst med att ha tre flaggor p\u00e5 \u00f6n vinner.<\/div>\n","protected":false},"featured_media":0,"template":"","meta":{"content-type":"","_monsterinsights_skip_tracking":false,"_monsterinsights_sitenote_active":false,"_monsterinsights_sitenote_note":"","_monsterinsights_sitenote_category":0},"product_brand":[],"product_cat":[1462],"product_tag":[304],"brand":[],"target-group":[],"discontinued":[],"class_list":{"0":"post-47557","1":"product","2":"type-product","3":"status-archive","5":"product_cat-bradspel-barnspel","6":"product_tag-aktion","8":"first","9":"outofstock","10":"taxable","11":"shipping-taxable","12":"product-type-simple"},"aioseo_notices":[],"_links":{"self":[{"href":"https:\/\/games.tactic.net\/sv\/wp-json\/wp\/v2\/product\/47557","targetHints":{"allow":["GET"]}}],"collection":[{"href":"https:\/\/games.tactic.net\/sv\/wp-json\/wp\/v2\/product"}],"about":[{"href":"https:\/\/games.tactic.net\/sv\/wp-json\/wp\/v2\/types\/product"}],"wp:attachment":[{"href":"https:\/\/games.tactic.net\/sv\/wp-json\/wp\/v2\/media?parent=47557"}],"wp:term":[{"taxonomy":"product_brand","embeddable":true,"href":"https:\/\/games.tactic.net\/sv\/wp-json\/wp\/v2\/product_brand?post=47557"},{"taxonomy":"product_cat","embeddable":true,"href":"https:\/\/games.tactic.net\/sv\/wp-json\/wp\/v2\/product_cat?post=47557"},{"taxonomy":"product_tag","embeddable":true,"href":"https:\/\/games.tactic.net\/sv\/wp-json\/wp\/v2\/product_tag?post=47557"},{"taxonomy":"brand","embeddable":true,"href":"https:\/\/games.tactic.net\/sv\/wp-json\/wp\/v2\/brand?post=47557"},{"taxonomy":"target-group","embeddable":true,"href":"https:\/\/games.tactic.net\/sv\/wp-json\/wp\/v2\/target-group?post=47557"},{"taxonomy":"discontinued","embeddable":true,"href":"https:\/\/games.tactic.net\/sv\/wp-json\/wp\/v2\/discontinued?post=47557"}],"curies":[{"name":"wp","href":"https:\/\/api.w.org\/{rel}","templated":true}]}}