{"id":463422,"date":"2022-02-07T13:01:41","date_gmt":"2022-02-07T11:01:41","guid":{"rendered":"https:\/\/games.tactic.net\/tuote\/totem-2\/"},"modified":"2023-10-25T16:02:29","modified_gmt":"2023-10-25T13:02:29","slug":"totem-2","status":"publish","type":"product","link":"https:\/\/games.tactic.net\/sv\/tuote\/totem-2\/","title":{"rendered":"Tactic Totem br\u00e4dspel"},"content":{"rendered":"<p>Anv\u00e4nd symbolerna och finn din v\u00e4g till m\u00e5let! I detta br\u00e4dspel som passar f\u00f6r hela familjen anv\u00e4nder spelarna symbolerna p\u00e5 spelbr\u00e4det f\u00f6r att skapa den b\u00e4sta m\u00f6jliga v\u00e4gen till andra sidan &#8211; men ocks\u00e5 f\u00f6r att stoppa de andra spelarna! Spelet \u00e4r l\u00e4tt att l\u00e4ra sig, men bjuder \u00e4nd\u00e5 p\u00e5 en riktig utmaning.<\/p>\n","protected":false},"excerpt":{"rendered":"<p>Anv\u00e4nd symbolerna och finn din v\u00e4g till m\u00e5let! I detta br\u00e4dspel som passar f\u00f6r hela familjen anv\u00e4nder spelarna symbolerna p\u00e5 spelbr\u00e4det f\u00f6r att skapa den b\u00e4sta m\u00f6jliga v\u00e4gen till andra sidan &#8211; men ocks\u00e5 f\u00f6r att stoppa de andra spelarna! Spelet \u00e4r l\u00e4tt att l\u00e4ra sig, men bjuder \u00e4nd\u00e5 p\u00e5 en riktig utmaning.<\/p>\n","protected":false},"featured_media":0,"template":"","meta":{"content-type":"","_monsterinsights_skip_tracking":false,"_monsterinsights_sitenote_active":false,"_monsterinsights_sitenote_note":"","_monsterinsights_sitenote_category":0},"product_brand":[],"product_cat":[1526,1461],"product_tag":[],"brand":[],"target-group":[],"discontinued":[],"class_list":{"0":"post-463422","1":"product","2":"type-product","3":"status-publish","5":"product_cat-andra-spel","6":"product_cat-bradspel","8":"first","9":"instock","10":"taxable","11":"shipping-taxable","12":"product-type-simple"},"aioseo_notices":[],"_links":{"self":[{"href":"https:\/\/games.tactic.net\/sv\/wp-json\/wp\/v2\/product\/463422","targetHints":{"allow":["GET"]}}],"collection":[{"href":"https:\/\/games.tactic.net\/sv\/wp-json\/wp\/v2\/product"}],"about":[{"href":"https:\/\/games.tactic.net\/sv\/wp-json\/wp\/v2\/types\/product"}],"wp:attachment":[{"href":"https:\/\/games.tactic.net\/sv\/wp-json\/wp\/v2\/media?parent=463422"}],"wp:term":[{"taxonomy":"product_brand","embeddable":true,"href":"https:\/\/games.tactic.net\/sv\/wp-json\/wp\/v2\/product_brand?post=463422"},{"taxonomy":"product_cat","embeddable":true,"href":"https:\/\/games.tactic.net\/sv\/wp-json\/wp\/v2\/product_cat?post=463422"},{"taxonomy":"product_tag","embeddable":true,"href":"https:\/\/games.tactic.net\/sv\/wp-json\/wp\/v2\/product_tag?post=463422"},{"taxonomy":"brand","embeddable":true,"href":"https:\/\/games.tactic.net\/sv\/wp-json\/wp\/v2\/brand?post=463422"},{"taxonomy":"target-group","embeddable":true,"href":"https:\/\/games.tactic.net\/sv\/wp-json\/wp\/v2\/target-group?post=463422"},{"taxonomy":"discontinued","embeddable":true,"href":"https:\/\/games.tactic.net\/sv\/wp-json\/wp\/v2\/discontinued?post=463422"}],"curies":[{"name":"wp","href":"https:\/\/api.w.org\/{rel}","templated":true}]}}