{"id":463407,"date":"2022-02-07T13:00:03","date_gmt":"2022-02-07T11:00:03","guid":{"rendered":"https:\/\/games.tactic.net\/tuote\/touche-3\/"},"modified":"2023-10-25T15:03:45","modified_gmt":"2023-10-25T12:03:45","slug":"touche-3","status":"publish","type":"product","link":"https:\/\/games.tactic.net\/sv\/tuote\/touche-3\/","title":{"rendered":"Tactic Touch\u00e9 br\u00e4dspel"},"content":{"rendered":"<p>Touch\u00e9 &#8211; en riktig klassiker. Spela kort ur din hand och er\u00f6vra delar av spelbr\u00e4det med dina egna spelpj\u00e4ser. Denna spelklassiker kr\u00e4ver b\u00e5de taktik och tur, men sp\u00e4nning finns i varje spel. Kan du f\u00f6rutse de andras drag och kan du bli en Touch\u00e9m\u00e4stare?<\/p>\n<p><img decoding=\"async\" src=\"https:\\\\\\\\games.tactic.net\\\\pic\\\\logo\\\\Awarded_concept.png\"><\/p>\n","protected":false},"excerpt":{"rendered":"<p>Touch\u00e9 &#8211; en riktig klassiker. Spela kort ur din hand och er\u00f6vra delar av spelbr\u00e4det med dina egna spelpj\u00e4ser. Denna spelklassiker kr\u00e4ver b\u00e5de taktik och tur, men sp\u00e4nning finns i varje spel. Kan du f\u00f6rutse de andras drag och kan du bli en Touch\u00e9m\u00e4stare?<\/p>\n","protected":false},"featured_media":0,"template":"","meta":{"content-type":"","_monsterinsights_skip_tracking":false,"_monsterinsights_sitenote_active":false,"_monsterinsights_sitenote_note":"","_monsterinsights_sitenote_category":0},"product_brand":[],"product_cat":[1461,1522],"product_tag":[1238],"brand":[],"target-group":[],"discontinued":[],"class_list":{"0":"post-463407","1":"product","2":"type-product","3":"status-publish","5":"product_cat-bradspel","6":"product_cat-strategispel-vuxenspel","7":"product_tag-strategi-sv","9":"first","10":"instock","11":"taxable","12":"shipping-taxable","13":"product-type-simple"},"aioseo_notices":[],"_links":{"self":[{"href":"https:\/\/games.tactic.net\/sv\/wp-json\/wp\/v2\/product\/463407","targetHints":{"allow":["GET"]}}],"collection":[{"href":"https:\/\/games.tactic.net\/sv\/wp-json\/wp\/v2\/product"}],"about":[{"href":"https:\/\/games.tactic.net\/sv\/wp-json\/wp\/v2\/types\/product"}],"wp:attachment":[{"href":"https:\/\/games.tactic.net\/sv\/wp-json\/wp\/v2\/media?parent=463407"}],"wp:term":[{"taxonomy":"product_brand","embeddable":true,"href":"https:\/\/games.tactic.net\/sv\/wp-json\/wp\/v2\/product_brand?post=463407"},{"taxonomy":"product_cat","embeddable":true,"href":"https:\/\/games.tactic.net\/sv\/wp-json\/wp\/v2\/product_cat?post=463407"},{"taxonomy":"product_tag","embeddable":true,"href":"https:\/\/games.tactic.net\/sv\/wp-json\/wp\/v2\/product_tag?post=463407"},{"taxonomy":"brand","embeddable":true,"href":"https:\/\/games.tactic.net\/sv\/wp-json\/wp\/v2\/brand?post=463407"},{"taxonomy":"target-group","embeddable":true,"href":"https:\/\/games.tactic.net\/sv\/wp-json\/wp\/v2\/target-group?post=463407"},{"taxonomy":"discontinued","embeddable":true,"href":"https:\/\/games.tactic.net\/sv\/wp-json\/wp\/v2\/discontinued?post=463407"}],"curies":[{"name":"wp","href":"https:\/\/api.w.org\/{rel}","templated":true}]}}