{"id":463321,"date":"2022-02-07T12:54:59","date_gmt":"2022-02-07T10:54:59","guid":{"rendered":"https:\/\/games.tactic.net\/tuote\/ord-jakten\/"},"modified":"2023-10-25T16:37:27","modified_gmt":"2023-10-25T13:37:27","slug":"ord-jakten","status":"publish","type":"product","link":"https:\/\/games.tactic.net\/sv\/tuote\/ord-jakten\/","title":{"rendered":"Tactic Ordjakten"},"content":{"rendered":"<p>Koppla ihop ord och bokst\u00e4ver &#8211; innan tiden tar slut! Korten ger er ett \u00e4mne, spelbr\u00e4det ger er bokst\u00e4ver. Kom p\u00e5 ord som passar till b\u00e5de spelbr\u00e4dets bokst\u00e4ver och till \u00e4mnena f\u00f6re tiden tagit slut. Specialkorten skapar \u00f6verraskande situationer i spelet, och spelet kan pl\u00f6tsligt v\u00e4ndas upp-och-ner.<\/p>\n","protected":false},"excerpt":{"rendered":"<p>Koppla ihop ord och bokst\u00e4ver &#8211; innan tiden tar slut! Korten ger er ett \u00e4mne, spelbr\u00e4det ger er bokst\u00e4ver. Kom p\u00e5 ord som passar till b\u00e5de spelbr\u00e4dets bokst\u00e4ver och till \u00e4mnena f\u00f6re tiden tagit slut. Specialkorten skapar \u00f6verraskande situationer i spelet, och spelet kan pl\u00f6tsligt v\u00e4ndas upp-och-ner.<\/p>\n","protected":false},"featured_media":0,"template":"","meta":{"content-type":"","_monsterinsights_skip_tracking":false,"_monsterinsights_sitenote_active":false,"_monsterinsights_sitenote_note":"","_monsterinsights_sitenote_category":0},"product_brand":[],"product_cat":[1461],"product_tag":[1226],"brand":[],"target-group":[],"discontinued":[],"class_list":{"0":"post-463321","1":"product","2":"type-product","3":"status-publish","5":"product_cat-bradspel","6":"product_tag-hastighet-sv","8":"first","9":"instock","10":"taxable","11":"shipping-taxable","12":"product-type-simple"},"aioseo_notices":[],"_links":{"self":[{"href":"https:\/\/games.tactic.net\/sv\/wp-json\/wp\/v2\/product\/463321","targetHints":{"allow":["GET"]}}],"collection":[{"href":"https:\/\/games.tactic.net\/sv\/wp-json\/wp\/v2\/product"}],"about":[{"href":"https:\/\/games.tactic.net\/sv\/wp-json\/wp\/v2\/types\/product"}],"wp:attachment":[{"href":"https:\/\/games.tactic.net\/sv\/wp-json\/wp\/v2\/media?parent=463321"}],"wp:term":[{"taxonomy":"product_brand","embeddable":true,"href":"https:\/\/games.tactic.net\/sv\/wp-json\/wp\/v2\/product_brand?post=463321"},{"taxonomy":"product_cat","embeddable":true,"href":"https:\/\/games.tactic.net\/sv\/wp-json\/wp\/v2\/product_cat?post=463321"},{"taxonomy":"product_tag","embeddable":true,"href":"https:\/\/games.tactic.net\/sv\/wp-json\/wp\/v2\/product_tag?post=463321"},{"taxonomy":"brand","embeddable":true,"href":"https:\/\/games.tactic.net\/sv\/wp-json\/wp\/v2\/brand?post=463321"},{"taxonomy":"target-group","embeddable":true,"href":"https:\/\/games.tactic.net\/sv\/wp-json\/wp\/v2\/target-group?post=463321"},{"taxonomy":"discontinued","embeddable":true,"href":"https:\/\/games.tactic.net\/sv\/wp-json\/wp\/v2\/discontinued?post=463321"}],"curies":[{"name":"wp","href":"https:\/\/api.w.org\/{rel}","templated":true}]}}