{"id":463306,"date":"2022-02-07T12:52:15","date_gmt":"2022-02-07T10:52:15","guid":{"rendered":"https:\/\/games.tactic.net\/tuote\/lar-dig-skoldagen\/"},"modified":"2025-03-10T13:42:52","modified_gmt":"2025-03-10T11:42:52","slug":"lar-dig-skoldagen","status":"archive","type":"product","link":"https:\/\/games.tactic.net\/sv\/tuote\/lar-dig-skoldagen\/","title":{"rendered":"Tactic L\u00e4r dig Skoldagen br\u00e4dspel"},"content":{"rendered":"<p>Nu ska vi leka skola! I detta spel f\u00e5r ocks\u00e5 de yngsta k\u00e4nna hur roligt det kan vara i skolan! Spelet inneh\u00e5ller uppgiftskort fr\u00e5n sju olika skol\u00e4mnen. En av spelarna fungerar som l\u00e4rare, och de andra som elever som skriver sina svar p\u00e5 tavlor som enkelt kan g\u00f6ras rena igen. Alla vinner tillsammans om eleverna samlat ihop sju brickor f\u00f6re klockan visar tre!<br \/>\nL\u00e4ro\u00e4mnena med inneh\u00e5ll motsvarar den officiella finska l\u00e4roplanen.<br \/>\nSkrivtavlorna och klockan i spelet \u00e4r roliga!<br \/>\nDelarna i spelet kan man ocks\u00e5 leka helt egna skollekar med.<\/p>\n","protected":false},"excerpt":{"rendered":"<p>Nu ska vi leka skola! I detta spel f\u00e5r ocks\u00e5 de yngsta k\u00e4nna hur roligt det kan vara i skolan! Spelet inneh\u00e5ller uppgiftskort fr\u00e5n sju olika skol\u00e4mnen. En av spelarna fungerar som l\u00e4rare, och de andra som elever som skriver sina svar p\u00e5 tavlor som enkelt kan g\u00f6ras rena igen. Alla vinner tillsammans om eleverna samlat ihop sju brickor f\u00f6re klockan visar tre!<\/p>\n","protected":false},"featured_media":0,"template":"","meta":{"content-type":"","_monsterinsights_skip_tracking":false,"_monsterinsights_sitenote_active":false,"_monsterinsights_sitenote_note":"","_monsterinsights_sitenote_category":0},"product_brand":[],"product_cat":[1519],"product_tag":[1254],"brand":[{"id":864,"name":"Let's Learn","slug":"letslearn-sv"}],"target-group":[],"discontinued":[],"class_list":{"0":"post-463306","1":"product","2":"type-product","3":"status-archive","5":"product_cat-lar-spel-barnspel","6":"product_tag-pedagogisk-sv","7":"brand-letslearn-sv","9":"first","10":"outofstock","11":"taxable","12":"shipping-taxable","13":"product-type-simple"},"aioseo_notices":[],"_links":{"self":[{"href":"https:\/\/games.tactic.net\/sv\/wp-json\/wp\/v2\/product\/463306","targetHints":{"allow":["GET"]}}],"collection":[{"href":"https:\/\/games.tactic.net\/sv\/wp-json\/wp\/v2\/product"}],"about":[{"href":"https:\/\/games.tactic.net\/sv\/wp-json\/wp\/v2\/types\/product"}],"wp:attachment":[{"href":"https:\/\/games.tactic.net\/sv\/wp-json\/wp\/v2\/media?parent=463306"}],"wp:term":[{"taxonomy":"product_brand","embeddable":true,"href":"https:\/\/games.tactic.net\/sv\/wp-json\/wp\/v2\/product_brand?post=463306"},{"taxonomy":"product_cat","embeddable":true,"href":"https:\/\/games.tactic.net\/sv\/wp-json\/wp\/v2\/product_cat?post=463306"},{"taxonomy":"product_tag","embeddable":true,"href":"https:\/\/games.tactic.net\/sv\/wp-json\/wp\/v2\/product_tag?post=463306"},{"taxonomy":"brand","embeddable":true,"href":"https:\/\/games.tactic.net\/sv\/wp-json\/wp\/v2\/brand?post=463306"},{"taxonomy":"target-group","embeddable":true,"href":"https:\/\/games.tactic.net\/sv\/wp-json\/wp\/v2\/target-group?post=463306"},{"taxonomy":"discontinued","embeddable":true,"href":"https:\/\/games.tactic.net\/sv\/wp-json\/wp\/v2\/discontinued?post=463306"}],"curies":[{"name":"wp","href":"https:\/\/api.w.org\/{rel}","templated":true}]}}