{"id":415754,"date":"2022-02-01T13:31:49","date_gmt":"2022-02-01T11:31:49","guid":{"rendered":"https:\/\/games.tactic.net\/tuote\/lumo-ice-hockey-teemu-classic\/"},"modified":"2024-08-12T12:35:17","modified_gmt":"2024-08-12T09:35:17","slug":"lumo-ice-hockey-teemu-classic","status":"archive","type":"product","link":"https:\/\/games.tactic.net\/sv\/tuote\/lumo-ice-hockey-teemu-classic\/","title":{"rendered":"Lumo Stars Ice Hockey Teemu classic plush"},"content":{"rendered":"<p>Klassisk 15 cm. Samlarbar djurplysch. Glad, krambar, v\u00e4nlig, sn\u00e4ll och s\u00f6t. Vi ler mer! Cute Northern Brights plyschkollektion \u00e4r baserad p\u00e5 den verkliga nordiska naturen och vilda djur. Ren finsk design. Varje dag \u00e4r en bra dag f\u00f6r hockey.<\/p>\n","protected":false},"excerpt":{"rendered":"<p>Klassisk 15 cm. Samlarbar djurplysch. Glad, krambar, v\u00e4nlig, sn\u00e4ll och s\u00f6t. Vi ler mer! Cute Northern Brights plyschkollektion \u00e4r baserad p\u00e5 den verkliga nordiska naturen och vilda djur. Ren finsk design. Varje dag \u00e4r en bra dag f\u00f6r hockey.<\/p>\n","protected":false},"featured_media":0,"template":"","meta":{"content-type":"","_monsterinsights_skip_tracking":false,"_monsterinsights_sitenote_active":false,"_monsterinsights_sitenote_note":"","_monsterinsights_sitenote_category":0},"product_brand":[],"product_cat":[1852],"product_tag":[],"brand":[{"id":1018,"name":"Lumo Stars","slug":"lumo-stars-13"}],"target-group":[],"discontinued":[],"class_list":{"0":"post-415754","1":"product","2":"type-product","3":"status-archive","5":"product_cat-sport-gosedjur-lumo-stars-5","6":"brand-lumo-stars-13","8":"first","9":"outofstock","10":"taxable","11":"shipping-taxable","12":"product-type-simple"},"aioseo_notices":[],"_links":{"self":[{"href":"https:\/\/games.tactic.net\/sv\/wp-json\/wp\/v2\/product\/415754","targetHints":{"allow":["GET"]}}],"collection":[{"href":"https:\/\/games.tactic.net\/sv\/wp-json\/wp\/v2\/product"}],"about":[{"href":"https:\/\/games.tactic.net\/sv\/wp-json\/wp\/v2\/types\/product"}],"wp:attachment":[{"href":"https:\/\/games.tactic.net\/sv\/wp-json\/wp\/v2\/media?parent=415754"}],"wp:term":[{"taxonomy":"product_brand","embeddable":true,"href":"https:\/\/games.tactic.net\/sv\/wp-json\/wp\/v2\/product_brand?post=415754"},{"taxonomy":"product_cat","embeddable":true,"href":"https:\/\/games.tactic.net\/sv\/wp-json\/wp\/v2\/product_cat?post=415754"},{"taxonomy":"product_tag","embeddable":true,"href":"https:\/\/games.tactic.net\/sv\/wp-json\/wp\/v2\/product_tag?post=415754"},{"taxonomy":"brand","embeddable":true,"href":"https:\/\/games.tactic.net\/sv\/wp-json\/wp\/v2\/brand?post=415754"},{"taxonomy":"target-group","embeddable":true,"href":"https:\/\/games.tactic.net\/sv\/wp-json\/wp\/v2\/target-group?post=415754"},{"taxonomy":"discontinued","embeddable":true,"href":"https:\/\/games.tactic.net\/sv\/wp-json\/wp\/v2\/discontinued?post=415754"}],"curies":[{"name":"wp","href":"https:\/\/api.w.org\/{rel}","templated":true}]}}