{"id":415350,"date":"2022-02-01T13:20:08","date_gmt":"2022-02-01T11:20:08","guid":{"rendered":"https:\/\/games.tactic.net\/tuote\/lumo-football-camp-classic\/"},"modified":"2025-01-22T14:10:42","modified_gmt":"2025-01-22T12:10:42","slug":"lumo-football-camp-classic","status":"archive","type":"product","link":"https:\/\/games.tactic.net\/sv\/tuote\/lumo-football-camp-classic\/","title":{"rendered":"Lumo Stars Football Camp classic plush"},"content":{"rendered":"<p>Klassisk 15 cm. Samlarbar djurplysch. Glad, krambar, v\u00e4nlig, sn\u00e4ll och s\u00f6t. Vi ler mer! Cute Northern Brights plyschkollektion \u00e4r baserad p\u00e5 den verkliga nordiska naturen och vilda djur. Ren finsk design. Camp \u00e4r mitt namn och fotboll \u00e4r mitt spel. Jag sl\u00e5r vad om att jag kan springa undan dig!<\/p>\n","protected":false},"excerpt":{"rendered":"<p>Klassisk 15 cm. Samlarbar djurplysch. Glad, krambar, v\u00e4nlig, sn\u00e4ll och s\u00f6t. Vi ler mer! Cute Northern Brights plyschkollektion \u00e4r baserad p\u00e5 den verkliga nordiska naturen och vilda djur. Ren finsk design. Camp \u00e4r mitt namn och fotboll \u00e4r mitt spel. Jag sl\u00e5r vad om att jag kan springa undan dig!<\/p>\n","protected":false},"featured_media":0,"template":"","meta":{"content-type":"","_monsterinsights_skip_tracking":false,"_monsterinsights_sitenote_active":false,"_monsterinsights_sitenote_note":"","_monsterinsights_sitenote_category":0},"product_brand":[],"product_cat":[1852],"product_tag":[853],"brand":[{"id":1018,"name":"Lumo Stars","slug":"lumo-stars-13"}],"target-group":[],"discontinued":[],"class_list":{"0":"post-415350","1":"product","2":"type-product","3":"status-archive","5":"product_cat-sport-gosedjur-lumo-stars-5","6":"product_tag-kramgo","7":"brand-lumo-stars-13","9":"first","10":"outofstock","11":"taxable","12":"shipping-taxable","13":"product-type-simple"},"aioseo_notices":[],"_links":{"self":[{"href":"https:\/\/games.tactic.net\/sv\/wp-json\/wp\/v2\/product\/415350","targetHints":{"allow":["GET"]}}],"collection":[{"href":"https:\/\/games.tactic.net\/sv\/wp-json\/wp\/v2\/product"}],"about":[{"href":"https:\/\/games.tactic.net\/sv\/wp-json\/wp\/v2\/types\/product"}],"wp:attachment":[{"href":"https:\/\/games.tactic.net\/sv\/wp-json\/wp\/v2\/media?parent=415350"}],"wp:term":[{"taxonomy":"product_brand","embeddable":true,"href":"https:\/\/games.tactic.net\/sv\/wp-json\/wp\/v2\/product_brand?post=415350"},{"taxonomy":"product_cat","embeddable":true,"href":"https:\/\/games.tactic.net\/sv\/wp-json\/wp\/v2\/product_cat?post=415350"},{"taxonomy":"product_tag","embeddable":true,"href":"https:\/\/games.tactic.net\/sv\/wp-json\/wp\/v2\/product_tag?post=415350"},{"taxonomy":"brand","embeddable":true,"href":"https:\/\/games.tactic.net\/sv\/wp-json\/wp\/v2\/brand?post=415350"},{"taxonomy":"target-group","embeddable":true,"href":"https:\/\/games.tactic.net\/sv\/wp-json\/wp\/v2\/target-group?post=415350"},{"taxonomy":"discontinued","embeddable":true,"href":"https:\/\/games.tactic.net\/sv\/wp-json\/wp\/v2\/discontinued?post=415350"}],"curies":[{"name":"wp","href":"https:\/\/api.w.org\/{rel}","templated":true}]}}