{"id":415234,"date":"2022-02-01T13:11:45","date_gmt":"2022-02-01T11:11:45","guid":{"rendered":"https:\/\/games.tactic.net\/tuote\/lumo-soccer-pukki-classic\/"},"modified":"2025-01-22T14:10:54","modified_gmt":"2025-01-22T12:10:54","slug":"lumo-soccer-pukki-classic","status":"archive","type":"product","link":"https:\/\/games.tactic.net\/sv\/tuote\/lumo-soccer-pukki-classic\/","title":{"rendered":"Lumo Stars Soccer Pukki classic plush"},"content":{"rendered":"<p>Klassisk 15 cm. Samlarbar djurplysch. Glad, krambar, v\u00e4nlig, sn\u00e4ll och s\u00f6t. Vi ler mer! Cute Northern Brights plyschkollektion \u00e4r baserad p\u00e5 den verkliga nordiska naturen och vilda djur. Ren finsk design. Min banankick \u00e4r den b\u00e4sta i v\u00e4rlden. Tror du att du kan g\u00f6ra b\u00e4ttre?<\/p>\n","protected":false},"excerpt":{"rendered":"<p>Klassisk 15 cm. Samlarbar djurplysch. Glad, krambar, v\u00e4nlig, sn\u00e4ll och s\u00f6t. Vi ler mer! Cute Northern Brights plyschkollektion \u00e4r baserad p\u00e5 den verkliga nordiska naturen och vilda djur. Ren finsk design. Min banankick \u00e4r den b\u00e4sta i v\u00e4rlden. Tror du att du kan g\u00f6ra b\u00e4ttre?<\/p>\n","protected":false},"featured_media":0,"template":"","meta":{"content-type":"","_monsterinsights_skip_tracking":false,"_monsterinsights_sitenote_active":false,"_monsterinsights_sitenote_note":"","_monsterinsights_sitenote_category":0},"product_brand":[],"product_cat":[1852],"product_tag":[],"brand":[{"id":1018,"name":"Lumo Stars","slug":"lumo-stars-13"}],"target-group":[],"discontinued":[],"class_list":{"0":"post-415234","1":"product","2":"type-product","3":"status-archive","5":"product_cat-sport-gosedjur-lumo-stars-5","6":"brand-lumo-stars-13","8":"first","9":"outofstock","10":"taxable","11":"shipping-taxable","12":"product-type-simple"},"aioseo_notices":[],"_links":{"self":[{"href":"https:\/\/games.tactic.net\/sv\/wp-json\/wp\/v2\/product\/415234","targetHints":{"allow":["GET"]}}],"collection":[{"href":"https:\/\/games.tactic.net\/sv\/wp-json\/wp\/v2\/product"}],"about":[{"href":"https:\/\/games.tactic.net\/sv\/wp-json\/wp\/v2\/types\/product"}],"wp:attachment":[{"href":"https:\/\/games.tactic.net\/sv\/wp-json\/wp\/v2\/media?parent=415234"}],"wp:term":[{"taxonomy":"product_brand","embeddable":true,"href":"https:\/\/games.tactic.net\/sv\/wp-json\/wp\/v2\/product_brand?post=415234"},{"taxonomy":"product_cat","embeddable":true,"href":"https:\/\/games.tactic.net\/sv\/wp-json\/wp\/v2\/product_cat?post=415234"},{"taxonomy":"product_tag","embeddable":true,"href":"https:\/\/games.tactic.net\/sv\/wp-json\/wp\/v2\/product_tag?post=415234"},{"taxonomy":"brand","embeddable":true,"href":"https:\/\/games.tactic.net\/sv\/wp-json\/wp\/v2\/brand?post=415234"},{"taxonomy":"target-group","embeddable":true,"href":"https:\/\/games.tactic.net\/sv\/wp-json\/wp\/v2\/target-group?post=415234"},{"taxonomy":"discontinued","embeddable":true,"href":"https:\/\/games.tactic.net\/sv\/wp-json\/wp\/v2\/discontinued?post=415234"}],"curies":[{"name":"wp","href":"https:\/\/api.w.org\/{rel}","templated":true}]}}