{"id":378858,"date":"2022-01-27T14:33:10","date_gmt":"2022-01-27T12:33:10","guid":{"rendered":"https:\/\/games.tactic.net\/tuote\/sommarskuggan\/"},"modified":"2025-11-26T12:52:43","modified_gmt":"2025-11-26T10:52:43","slug":"sommarskuggan","status":"archive","type":"product","link":"https:\/\/games.tactic.net\/sv\/tuote\/sommarskuggan\/","title":{"rendered":"Sommarlov jakten p\u00e5 sommarskuggan"},"content":{"rendered":"<p>\u00c4r du redo f\u00f6r en jakt p\u00e5 Sommarskuggan? Sommarskuggan i SVT:s Sommarlov \u00e4r i farten igen med sina gamla trick. Alla utf\u00f6r uppgifter tillsammans, samtidigt som ni hoppar fram\u00e5t p\u00e5 spelplanen. Men en av er \u00e4r Sommarskuggan och kommer att f\u00f6rs\u00f6ka f\u00f6rst\u00f6ra f\u00f6r er andra. Se till att hinna bli klara innan Sommarskuggan smyger iv\u00e4g igen. V\u00e4nd brickorna s\u00e5 f\u00e5r du veta hur m\u00e5nga steg du kan ta, men var f\u00f6rsiktig \u2013 en av brickorna g\u00f6r s\u00e5 att du kommer hamna i en stor skuggslemsp\u00f6l. Skynda dig! Spelet har b\u00f6rjat och Sommarskuggan v\u00e4ntar inte&#8230;<\/p>\n","protected":false},"excerpt":{"rendered":"<p>\u00c4r du redo f\u00f6r en jakt p\u00e5 Sommarskuggan? Sommarskuggan i SVT:s Sommarlov \u00e4r i farten igen med sina gamla trick. Alla utf\u00f6r uppgifter tillsammans, samtidigt som ni hoppar fram\u00e5t p\u00e5 spelplanen. Men en av er \u00e4r Sommarskuggan och kommer att f\u00f6rs\u00f6ka f\u00f6rst\u00f6ra f\u00f6r er andra. Se till att hinna bli klara innan Sommarskuggan smyger iv\u00e4g [&hellip;]<\/p>\n","protected":false},"featured_media":0,"template":"","meta":{"content-type":"","_monsterinsights_skip_tracking":false,"_monsterinsights_sitenote_active":false,"_monsterinsights_sitenote_note":"","_monsterinsights_sitenote_category":0},"product_brand":[],"product_cat":[1462],"product_tag":[],"brand":[],"target-group":[],"discontinued":[],"class_list":{"0":"post-378858","1":"product","2":"type-product","3":"status-archive","5":"product_cat-bradspel-barnspel","7":"first","8":"outofstock","9":"taxable","10":"shipping-taxable","11":"product-type-simple"},"aioseo_notices":[],"_links":{"self":[{"href":"https:\/\/games.tactic.net\/sv\/wp-json\/wp\/v2\/product\/378858","targetHints":{"allow":["GET"]}}],"collection":[{"href":"https:\/\/games.tactic.net\/sv\/wp-json\/wp\/v2\/product"}],"about":[{"href":"https:\/\/games.tactic.net\/sv\/wp-json\/wp\/v2\/types\/product"}],"wp:attachment":[{"href":"https:\/\/games.tactic.net\/sv\/wp-json\/wp\/v2\/media?parent=378858"}],"wp:term":[{"taxonomy":"product_brand","embeddable":true,"href":"https:\/\/games.tactic.net\/sv\/wp-json\/wp\/v2\/product_brand?post=378858"},{"taxonomy":"product_cat","embeddable":true,"href":"https:\/\/games.tactic.net\/sv\/wp-json\/wp\/v2\/product_cat?post=378858"},{"taxonomy":"product_tag","embeddable":true,"href":"https:\/\/games.tactic.net\/sv\/wp-json\/wp\/v2\/product_tag?post=378858"},{"taxonomy":"brand","embeddable":true,"href":"https:\/\/games.tactic.net\/sv\/wp-json\/wp\/v2\/brand?post=378858"},{"taxonomy":"target-group","embeddable":true,"href":"https:\/\/games.tactic.net\/sv\/wp-json\/wp\/v2\/target-group?post=378858"},{"taxonomy":"discontinued","embeddable":true,"href":"https:\/\/games.tactic.net\/sv\/wp-json\/wp\/v2\/discontinued?post=378858"}],"curies":[{"name":"wp","href":"https:\/\/api.w.org\/{rel}","templated":true}]}}