{"id":378419,"date":"2022-01-27T12:35:59","date_gmt":"2022-01-27T10:35:59","guid":{"rendered":"https:\/\/games.tactic.net\/tuote\/veggies-and-berries-broccoli-bruno\/"},"modified":"2024-11-08T12:12:25","modified_gmt":"2024-11-08T10:12:25","slug":"veggies-and-berries-broccoli-bruno","status":"archive","type":"product","link":"https:\/\/games.tactic.net\/sv\/tuote\/veggies-and-berries-broccoli-bruno\/","title":{"rendered":"Lumo Stars Veggies and Berries Broccoli Bruno plush"},"content":{"rendered":"<p>Classic 15 cm. Glada, kramgoa, v\u00e4nliga, sn\u00e4lla och s\u00f6ta babymjukdjur. Samla alla och le mer! De s\u00f6ta mjukdjuren i Northern Brights kollektionen \u00e4r framtagna efter f\u00f6rebilder fr\u00e5n djurlivet i den nordiska naturen. \u00c4kta finsk design. Mina v\u00e4nner k\u00e4nner mig f\u00f6r min glada och positiva attityd, men faktiskt \u00e4r det mina v\u00e4nner som g\u00f6r mig glad. F\u00f6r tillf\u00e4llet \u00e4r jag som lyckligast, f\u00f6r jag fick dig som min nya v\u00e4n.<\/p>\n","protected":false},"excerpt":{"rendered":"<p>Classic 15 cm. Glada, kramgoa, v\u00e4nliga, sn\u00e4lla och s\u00f6ta babymjukdjur. Samla alla och le mer! De s\u00f6ta mjukdjuren i Northern Brights kollektionen \u00e4r framtagna efter f\u00f6rebilder fr\u00e5n djurlivet i den nordiska naturen. \u00c4kta finsk design. Mina v\u00e4nner k\u00e4nner mig f\u00f6r min glada och positiva attityd, men faktiskt \u00e4r det mina v\u00e4nner som g\u00f6r mig glad. [&hellip;]<\/p>\n","protected":false},"featured_media":0,"template":"","meta":{"content-type":"","_monsterinsights_skip_tracking":false,"_monsterinsights_sitenote_active":false,"_monsterinsights_sitenote_note":"","_monsterinsights_sitenote_category":0},"product_brand":[],"product_cat":[1573],"product_tag":[853,1264,854],"brand":[],"target-group":[],"discontinued":[],"class_list":{"0":"post-378419","1":"product","2":"type-product","3":"status-archive","5":"product_cat-veggies-and-berries","6":"product_tag-kramgo","7":"product_tag-lumo-stars-sv","8":"product_tag-mjukdjur","10":"first","11":"outofstock","12":"taxable","13":"shipping-taxable","14":"product-type-simple"},"aioseo_notices":[],"_links":{"self":[{"href":"https:\/\/games.tactic.net\/sv\/wp-json\/wp\/v2\/product\/378419","targetHints":{"allow":["GET"]}}],"collection":[{"href":"https:\/\/games.tactic.net\/sv\/wp-json\/wp\/v2\/product"}],"about":[{"href":"https:\/\/games.tactic.net\/sv\/wp-json\/wp\/v2\/types\/product"}],"wp:attachment":[{"href":"https:\/\/games.tactic.net\/sv\/wp-json\/wp\/v2\/media?parent=378419"}],"wp:term":[{"taxonomy":"product_brand","embeddable":true,"href":"https:\/\/games.tactic.net\/sv\/wp-json\/wp\/v2\/product_brand?post=378419"},{"taxonomy":"product_cat","embeddable":true,"href":"https:\/\/games.tactic.net\/sv\/wp-json\/wp\/v2\/product_cat?post=378419"},{"taxonomy":"product_tag","embeddable":true,"href":"https:\/\/games.tactic.net\/sv\/wp-json\/wp\/v2\/product_tag?post=378419"},{"taxonomy":"brand","embeddable":true,"href":"https:\/\/games.tactic.net\/sv\/wp-json\/wp\/v2\/brand?post=378419"},{"taxonomy":"target-group","embeddable":true,"href":"https:\/\/games.tactic.net\/sv\/wp-json\/wp\/v2\/target-group?post=378419"},{"taxonomy":"discontinued","embeddable":true,"href":"https:\/\/games.tactic.net\/sv\/wp-json\/wp\/v2\/discontinued?post=378419"}],"curies":[{"name":"wp","href":"https:\/\/api.w.org\/{rel}","templated":true}]}}