{"id":378035,"date":"2022-01-27T12:16:00","date_gmt":"2022-01-27T10:16:00","guid":{"rendered":"https:\/\/games.tactic.net\/tuote\/lumo-llama-olivia-classic\/"},"modified":"2023-10-20T14:38:59","modified_gmt":"2023-10-20T11:38:59","slug":"lumo-llama-olivia-classic","status":"publish","type":"product","link":"https:\/\/games.tactic.net\/sv\/tuote\/lumo-llama-olivia-classic\/","title":{"rendered":"Lumo Stars Llama Olivia classic plush"},"content":{"rendered":"<p>Classic 15 cm. Glada, kramgoa, v\u00e4nliga, sn\u00e4lla och s\u00f6ta babymjukdjur. Samla alla och le mer! De s\u00f6ta mjukdjuren i Northern Brights kollektionen \u00e4r framtagna efter f\u00f6rebilder fr\u00e5n djurlivet i den nordiska naturen. \u00c4kta finsk design. Jag \u00e4lskar filmer! Vill du se en med mig?<\/p>\n","protected":false},"excerpt":{"rendered":"<p>Classic 15 cm. Glada, kramgoa, v\u00e4nliga, sn\u00e4lla och s\u00f6ta babymjukdjur. Samla alla och le mer! De s\u00f6ta mjukdjuren i Northern Brights kollektionen \u00e4r framtagna efter f\u00f6rebilder fr\u00e5n djurlivet i den nordiska naturen. \u00c4kta finsk design. Jag \u00e4lskar filmer! Vill du se en med mig?<\/p>\n","protected":false},"featured_media":0,"template":"","meta":{"content-type":"","_monsterinsights_skip_tracking":false,"_monsterinsights_sitenote_active":false,"_monsterinsights_sitenote_note":"","_monsterinsights_sitenote_category":0},"product_brand":[],"product_cat":[1564],"product_tag":[853,1264,854],"brand":[{"id":1018,"name":"Lumo Stars","slug":"lumo-stars-13"}],"target-group":[],"discontinued":[],"class_list":{"0":"post-378035","1":"product","2":"type-product","3":"status-publish","5":"product_cat-classic-gosedjur-lumo-stars-5","6":"product_tag-kramgo","7":"product_tag-lumo-stars-sv","8":"product_tag-mjukdjur","9":"brand-lumo-stars-13","11":"first","12":"instock","13":"taxable","14":"shipping-taxable","15":"product-type-simple"},"aioseo_notices":[],"_links":{"self":[{"href":"https:\/\/games.tactic.net\/sv\/wp-json\/wp\/v2\/product\/378035","targetHints":{"allow":["GET"]}}],"collection":[{"href":"https:\/\/games.tactic.net\/sv\/wp-json\/wp\/v2\/product"}],"about":[{"href":"https:\/\/games.tactic.net\/sv\/wp-json\/wp\/v2\/types\/product"}],"wp:attachment":[{"href":"https:\/\/games.tactic.net\/sv\/wp-json\/wp\/v2\/media?parent=378035"}],"wp:term":[{"taxonomy":"product_brand","embeddable":true,"href":"https:\/\/games.tactic.net\/sv\/wp-json\/wp\/v2\/product_brand?post=378035"},{"taxonomy":"product_cat","embeddable":true,"href":"https:\/\/games.tactic.net\/sv\/wp-json\/wp\/v2\/product_cat?post=378035"},{"taxonomy":"product_tag","embeddable":true,"href":"https:\/\/games.tactic.net\/sv\/wp-json\/wp\/v2\/product_tag?post=378035"},{"taxonomy":"brand","embeddable":true,"href":"https:\/\/games.tactic.net\/sv\/wp-json\/wp\/v2\/brand?post=378035"},{"taxonomy":"target-group","embeddable":true,"href":"https:\/\/games.tactic.net\/sv\/wp-json\/wp\/v2\/target-group?post=378035"},{"taxonomy":"discontinued","embeddable":true,"href":"https:\/\/games.tactic.net\/sv\/wp-json\/wp\/v2\/discontinued?post=378035"}],"curies":[{"name":"wp","href":"https:\/\/api.w.org\/{rel}","templated":true}]}}