{"id":377405,"date":"2022-01-27T11:25:47","date_gmt":"2022-01-27T09:25:47","guid":{"rendered":"https:\/\/games.tactic.net\/tuote\/lumo-bunny-rainbow-classic\/"},"modified":"2023-10-20T10:38:59","modified_gmt":"2023-10-20T07:38:59","slug":"lumo-bunny-rainbow-classic","status":"publish","type":"product","link":"https:\/\/games.tactic.net\/sv\/tuote\/lumo-bunny-rainbow-classic\/","title":{"rendered":"Lumo Stars Bunny Rainbow classic plush"},"content":{"rendered":"<p>Classic 15 cm. Glada, kramgoa, v\u00e4nliga, sn\u00e4lla och s\u00f6ta babymjukdjur. Samla alla och le mer! De s\u00f6ta mjukdjuren i Northern Brights kollektionen \u00e4r framtagna efter f\u00f6rebilder fr\u00e5n djurlivet i den nordiska naturen. \u00c4kta finsk design. Jag tror att f\u00e4rger g\u00f6r den h\u00e4r v\u00e4rlden s\u00e5 mycket roligare och det \u00e4r d\u00e4rf\u00f6r min f\u00e4rgglada p\u00e4ls g\u00f6r mig glad. Vad g\u00f6r dig glad?<\/p>\n","protected":false},"excerpt":{"rendered":"<p>Classic 15 cm. Glada, kramgoa, v\u00e4nliga, sn\u00e4lla och s\u00f6ta babymjukdjur. Samla alla och le mer! De s\u00f6ta mjukdjuren i Northern Brights kollektionen \u00e4r framtagna efter f\u00f6rebilder fr\u00e5n djurlivet i den nordiska naturen. \u00c4kta finsk design. Jag tror att f\u00e4rger g\u00f6r den h\u00e4r v\u00e4rlden s\u00e5 mycket roligare och det \u00e4r d\u00e4rf\u00f6r min f\u00e4rgglada p\u00e4ls g\u00f6r mig [&hellip;]<\/p>\n","protected":false},"featured_media":0,"template":"","meta":{"content-type":"","_monsterinsights_skip_tracking":false,"_monsterinsights_sitenote_active":false,"_monsterinsights_sitenote_note":"","_monsterinsights_sitenote_category":0},"product_brand":[],"product_cat":[1564],"product_tag":[853,1264,854],"brand":[{"id":1018,"name":"Lumo Stars","slug":"lumo-stars-13"}],"target-group":[],"discontinued":[],"class_list":{"0":"post-377405","1":"product","2":"type-product","3":"status-publish","5":"product_cat-classic-gosedjur-lumo-stars-5","6":"product_tag-kramgo","7":"product_tag-lumo-stars-sv","8":"product_tag-mjukdjur","9":"brand-lumo-stars-13","11":"first","12":"instock","13":"taxable","14":"shipping-taxable","15":"product-type-simple"},"aioseo_notices":[],"_links":{"self":[{"href":"https:\/\/games.tactic.net\/sv\/wp-json\/wp\/v2\/product\/377405","targetHints":{"allow":["GET"]}}],"collection":[{"href":"https:\/\/games.tactic.net\/sv\/wp-json\/wp\/v2\/product"}],"about":[{"href":"https:\/\/games.tactic.net\/sv\/wp-json\/wp\/v2\/types\/product"}],"wp:attachment":[{"href":"https:\/\/games.tactic.net\/sv\/wp-json\/wp\/v2\/media?parent=377405"}],"wp:term":[{"taxonomy":"product_brand","embeddable":true,"href":"https:\/\/games.tactic.net\/sv\/wp-json\/wp\/v2\/product_brand?post=377405"},{"taxonomy":"product_cat","embeddable":true,"href":"https:\/\/games.tactic.net\/sv\/wp-json\/wp\/v2\/product_cat?post=377405"},{"taxonomy":"product_tag","embeddable":true,"href":"https:\/\/games.tactic.net\/sv\/wp-json\/wp\/v2\/product_tag?post=377405"},{"taxonomy":"brand","embeddable":true,"href":"https:\/\/games.tactic.net\/sv\/wp-json\/wp\/v2\/brand?post=377405"},{"taxonomy":"target-group","embeddable":true,"href":"https:\/\/games.tactic.net\/sv\/wp-json\/wp\/v2\/target-group?post=377405"},{"taxonomy":"discontinued","embeddable":true,"href":"https:\/\/games.tactic.net\/sv\/wp-json\/wp\/v2\/discontinued?post=377405"}],"curies":[{"name":"wp","href":"https:\/\/api.w.org\/{rel}","templated":true}]}}