{"id":377319,"date":"2022-01-27T11:22:49","date_gmt":"2022-01-27T09:22:49","guid":{"rendered":"https:\/\/games.tactic.net\/tuote\/lumo-eagle-owl-bubi-classic\/"},"modified":"2025-11-28T09:45:46","modified_gmt":"2025-11-28T07:45:46","slug":"lumo-eagle-owl-bubi-classic","status":"archive","type":"product","link":"https:\/\/games.tactic.net\/sv\/tuote\/lumo-eagle-owl-bubi-classic\/","title":{"rendered":"Lumo Stars Eagle Owl Bubi classic plush"},"content":{"rendered":"<p>Classic 15 cm. Glada, kramgoa, v\u00e4nliga, sn\u00e4lla och s\u00f6ta babymjukdjur. Samla alla och le mer! De s\u00f6ta mjukdjuren i Northern Brights kollektionen \u00e4r framtagna efter f\u00f6rebilder fr\u00e5n djurlivet i den nordiska naturen. \u00c4kta finsk design. Jag gillar att h\u00e4nga n\u00e4ra fotbollsarenor och titta p\u00e5 matcherna. Vill du h\u00e4nga p\u00e5?<\/p>\n","protected":false},"excerpt":{"rendered":"<p>Classic 15 cm. Glada, kramgoa, v\u00e4nliga, sn\u00e4lla och s\u00f6ta babymjukdjur. Samla alla och le mer! De s\u00f6ta mjukdjuren i Northern Brights kollektionen \u00e4r framtagna efter f\u00f6rebilder fr\u00e5n djurlivet i den nordiska naturen. \u00c4kta finsk design. Jag gillar att h\u00e4nga n\u00e4ra fotbollsarenor och titta p\u00e5 matcherna. Vill du h\u00e4nga p\u00e5?<\/p>\n","protected":false},"featured_media":0,"template":"","meta":{"content-type":"","_monsterinsights_skip_tracking":false,"_monsterinsights_sitenote_active":false,"_monsterinsights_sitenote_note":"","_monsterinsights_sitenote_category":0},"product_brand":[],"product_cat":[1564],"product_tag":[853,1264,854],"brand":[{"id":1018,"name":"Lumo Stars","slug":"lumo-stars-13"}],"target-group":[],"discontinued":[],"class_list":{"0":"post-377319","1":"product","2":"type-product","3":"status-archive","5":"product_cat-classic-gosedjur-lumo-stars-5","6":"product_tag-kramgo","7":"product_tag-lumo-stars-sv","8":"product_tag-mjukdjur","9":"brand-lumo-stars-13","11":"first","12":"outofstock","13":"taxable","14":"shipping-taxable","15":"product-type-simple"},"aioseo_notices":[],"_links":{"self":[{"href":"https:\/\/games.tactic.net\/sv\/wp-json\/wp\/v2\/product\/377319","targetHints":{"allow":["GET"]}}],"collection":[{"href":"https:\/\/games.tactic.net\/sv\/wp-json\/wp\/v2\/product"}],"about":[{"href":"https:\/\/games.tactic.net\/sv\/wp-json\/wp\/v2\/types\/product"}],"wp:attachment":[{"href":"https:\/\/games.tactic.net\/sv\/wp-json\/wp\/v2\/media?parent=377319"}],"wp:term":[{"taxonomy":"product_brand","embeddable":true,"href":"https:\/\/games.tactic.net\/sv\/wp-json\/wp\/v2\/product_brand?post=377319"},{"taxonomy":"product_cat","embeddable":true,"href":"https:\/\/games.tactic.net\/sv\/wp-json\/wp\/v2\/product_cat?post=377319"},{"taxonomy":"product_tag","embeddable":true,"href":"https:\/\/games.tactic.net\/sv\/wp-json\/wp\/v2\/product_tag?post=377319"},{"taxonomy":"brand","embeddable":true,"href":"https:\/\/games.tactic.net\/sv\/wp-json\/wp\/v2\/brand?post=377319"},{"taxonomy":"target-group","embeddable":true,"href":"https:\/\/games.tactic.net\/sv\/wp-json\/wp\/v2\/target-group?post=377319"},{"taxonomy":"discontinued","embeddable":true,"href":"https:\/\/games.tactic.net\/sv\/wp-json\/wp\/v2\/discontinued?post=377319"}],"curies":[{"name":"wp","href":"https:\/\/api.w.org\/{rel}","templated":true}]}}