{"id":376972,"date":"2022-01-27T10:54:56","date_gmt":"2022-01-27T08:54:56","guid":{"rendered":"https:\/\/games.tactic.net\/tuote\/lumo-sloth-coffe-classic\/"},"modified":"2023-10-20T17:18:47","modified_gmt":"2023-10-20T14:18:47","slug":"lumo-sloth-coffe-classic","status":"publish","type":"product","link":"https:\/\/games.tactic.net\/sv\/tuote\/lumo-sloth-coffe-classic\/","title":{"rendered":"Lumo Stars Sloth Coffe classic plush"},"content":{"rendered":"<p>Classic 15 cm. Glada, kramgoa, v\u00e4nliga, sn\u00e4lla och s\u00f6ta babymjukdjur. Samla alla och le mer! De s\u00f6ta mjukdjuren i Northern Brights kollektionen \u00e4r framtagna efter f\u00f6rebilder fr\u00e5n djurlivet i den nordiska naturen. \u00c4kta finsk design. Jag \u00e4r en ganska chill snubbe. Det skulle vara trevligt att h\u00e4ngas tillsammans.<\/p>\n","protected":false},"excerpt":{"rendered":"<p>Classic 15 cm. Glada, kramgoa, v\u00e4nliga, sn\u00e4lla och s\u00f6ta babymjukdjur. Samla alla och le mer! De s\u00f6ta mjukdjuren i Northern Brights kollektionen \u00e4r framtagna efter f\u00f6rebilder fr\u00e5n djurlivet i den nordiska naturen. \u00c4kta finsk design. Jag \u00e4r en ganska chill snubbe. Det skulle vara trevligt att h\u00e4ngas tillsammans.<\/p>\n","protected":false},"featured_media":0,"template":"","meta":{"content-type":"","_monsterinsights_skip_tracking":false,"_monsterinsights_sitenote_active":false,"_monsterinsights_sitenote_note":"","_monsterinsights_sitenote_category":0},"product_brand":[],"product_cat":[1564],"product_tag":[853,1264],"brand":[{"id":1018,"name":"Lumo Stars","slug":"lumo-stars-13"}],"target-group":[],"discontinued":[],"class_list":{"0":"post-376972","1":"product","2":"type-product","3":"status-publish","5":"product_cat-classic-gosedjur-lumo-stars-5","6":"product_tag-kramgo","7":"product_tag-lumo-stars-sv","8":"brand-lumo-stars-13","10":"first","11":"instock","12":"taxable","13":"shipping-taxable","14":"product-type-simple"},"aioseo_notices":[],"_links":{"self":[{"href":"https:\/\/games.tactic.net\/sv\/wp-json\/wp\/v2\/product\/376972","targetHints":{"allow":["GET"]}}],"collection":[{"href":"https:\/\/games.tactic.net\/sv\/wp-json\/wp\/v2\/product"}],"about":[{"href":"https:\/\/games.tactic.net\/sv\/wp-json\/wp\/v2\/types\/product"}],"wp:attachment":[{"href":"https:\/\/games.tactic.net\/sv\/wp-json\/wp\/v2\/media?parent=376972"}],"wp:term":[{"taxonomy":"product_brand","embeddable":true,"href":"https:\/\/games.tactic.net\/sv\/wp-json\/wp\/v2\/product_brand?post=376972"},{"taxonomy":"product_cat","embeddable":true,"href":"https:\/\/games.tactic.net\/sv\/wp-json\/wp\/v2\/product_cat?post=376972"},{"taxonomy":"product_tag","embeddable":true,"href":"https:\/\/games.tactic.net\/sv\/wp-json\/wp\/v2\/product_tag?post=376972"},{"taxonomy":"brand","embeddable":true,"href":"https:\/\/games.tactic.net\/sv\/wp-json\/wp\/v2\/brand?post=376972"},{"taxonomy":"target-group","embeddable":true,"href":"https:\/\/games.tactic.net\/sv\/wp-json\/wp\/v2\/target-group?post=376972"},{"taxonomy":"discontinued","embeddable":true,"href":"https:\/\/games.tactic.net\/sv\/wp-json\/wp\/v2\/discontinued?post=376972"}],"curies":[{"name":"wp","href":"https:\/\/api.w.org\/{rel}","templated":true}]}}