{"id":376526,"date":"2022-01-27T10:17:22","date_gmt":"2022-01-27T08:17:22","guid":{"rendered":"https:\/\/games.tactic.net\/tuote\/lumo-unicorn-taiga-big\/"},"modified":"2023-10-20T11:04:51","modified_gmt":"2023-10-20T08:04:51","slug":"lumo-unicorn-taiga-big","status":"publish","type":"product","link":"https:\/\/games.tactic.net\/sv\/tuote\/lumo-unicorn-taiga-big\/","title":{"rendered":"Lumo Stars Unicorn Taiga big plush"},"content":{"rendered":"<p>Big 24 cm cm Samlingsbar baby mjukdjur. Glad, krambar, v\u00e4nlig, sn\u00e4ll och s\u00f6t. Vi ler mer! S\u00f6t Northern Brights mjukdjurskollektion baseras p\u00e5 den verkliga nordiska naturen och vilda djur. Finsk design. Jag \u00e4lskar tallskogen och det kan du ocks\u00e5 i mitt namn, Taiga. Kom igen! L\u00e5t oss sticka ut p\u00e5 \u00e4ventyr!<\/p>\n","protected":false},"excerpt":{"rendered":"<p>Big 24 cm cm Samlingsbar baby mjukdjur. Glad, krambar, v\u00e4nlig, sn\u00e4ll och s\u00f6t. Vi ler mer! S\u00f6t Northern Brights mjukdjurskollektion baseras p\u00e5 den verkliga nordiska naturen och vilda djur. Finsk design. Jag \u00e4lskar tallskogen och det kan du ocks\u00e5 i mitt namn, Taiga. Kom igen! L\u00e5t oss sticka ut p\u00e5 \u00e4ventyr!<\/p>\n","protected":false},"featured_media":0,"template":"","meta":{"content-type":"","_monsterinsights_skip_tracking":false,"_monsterinsights_sitenote_active":false,"_monsterinsights_sitenote_note":"","_monsterinsights_sitenote_category":0},"product_brand":[],"product_cat":[1566],"product_tag":[],"brand":[{"id":1018,"name":"Lumo Stars","slug":"lumo-stars-13"}],"target-group":[],"discontinued":[],"class_list":{"0":"post-376526","1":"product","2":"type-product","3":"status-publish","5":"product_cat-big-gosedjur-lumo-stars-5","6":"brand-lumo-stars-13","8":"first","9":"instock","10":"taxable","11":"shipping-taxable","12":"product-type-simple"},"aioseo_notices":[],"_links":{"self":[{"href":"https:\/\/games.tactic.net\/sv\/wp-json\/wp\/v2\/product\/376526","targetHints":{"allow":["GET"]}}],"collection":[{"href":"https:\/\/games.tactic.net\/sv\/wp-json\/wp\/v2\/product"}],"about":[{"href":"https:\/\/games.tactic.net\/sv\/wp-json\/wp\/v2\/types\/product"}],"wp:attachment":[{"href":"https:\/\/games.tactic.net\/sv\/wp-json\/wp\/v2\/media?parent=376526"}],"wp:term":[{"taxonomy":"product_brand","embeddable":true,"href":"https:\/\/games.tactic.net\/sv\/wp-json\/wp\/v2\/product_brand?post=376526"},{"taxonomy":"product_cat","embeddable":true,"href":"https:\/\/games.tactic.net\/sv\/wp-json\/wp\/v2\/product_cat?post=376526"},{"taxonomy":"product_tag","embeddable":true,"href":"https:\/\/games.tactic.net\/sv\/wp-json\/wp\/v2\/product_tag?post=376526"},{"taxonomy":"brand","embeddable":true,"href":"https:\/\/games.tactic.net\/sv\/wp-json\/wp\/v2\/brand?post=376526"},{"taxonomy":"target-group","embeddable":true,"href":"https:\/\/games.tactic.net\/sv\/wp-json\/wp\/v2\/target-group?post=376526"},{"taxonomy":"discontinued","embeddable":true,"href":"https:\/\/games.tactic.net\/sv\/wp-json\/wp\/v2\/discontinued?post=376526"}],"curies":[{"name":"wp","href":"https:\/\/api.w.org\/{rel}","templated":true}]}}