{"id":373005,"date":"2022-01-26T11:55:43","date_gmt":"2022-01-26T09:55:43","guid":{"rendered":"https:\/\/games.tactic.net\/tuote\/lumo-stars-surprise-egg-pig-olive\/"},"modified":"2023-04-17T10:10:58","modified_gmt":"2023-04-17T07:10:58","slug":"lumo-stars-surprise-egg-pig-olive","status":"archive","type":"product","link":"https:\/\/games.tactic.net\/sv\/tuote\/lumo-stars-surprise-egg-pig-olive\/","title":{"rendered":"Lumo Stars Surprise Egg Pig Olive"},"content":{"rendered":"<p>Storlek 12,5 cm<\/p>\n<p>&#8221;Jag \u00e4lskar att leka, utforska nya platser och sola. Jag gillar ocks\u00e5 god mat -oliver \u00e4r s\u00e5 gott.&#8221;<\/p>\n","protected":false},"excerpt":{"rendered":"<p>Storlek 12,5 cm &#8221;Jag \u00e4lskar att leka, utforska nya platser och sola. Jag gillar ocks\u00e5 god mat -oliver \u00e4r s\u00e5 gott.&#8221;<\/p>\n","protected":false},"featured_media":0,"template":"","meta":{"content-type":"","_monsterinsights_skip_tracking":false,"_monsterinsights_sitenote_active":false,"_monsterinsights_sitenote_note":"","_monsterinsights_sitenote_category":0},"product_brand":[],"product_cat":[1581],"product_tag":[853,1264,854],"brand":[{"id":1018,"name":"Lumo Stars","slug":"lumo-stars-13"}],"target-group":[],"discontinued":[],"class_list":{"0":"post-373005","1":"product","2":"type-product","3":"status-archive","5":"product_cat-surprise-eggs","6":"product_tag-kramgo","7":"product_tag-lumo-stars-sv","8":"product_tag-mjukdjur","9":"brand-lumo-stars-13","11":"first","12":"outofstock","13":"taxable","14":"shipping-taxable","15":"product-type-simple"},"aioseo_notices":[],"_links":{"self":[{"href":"https:\/\/games.tactic.net\/sv\/wp-json\/wp\/v2\/product\/373005","targetHints":{"allow":["GET"]}}],"collection":[{"href":"https:\/\/games.tactic.net\/sv\/wp-json\/wp\/v2\/product"}],"about":[{"href":"https:\/\/games.tactic.net\/sv\/wp-json\/wp\/v2\/types\/product"}],"wp:attachment":[{"href":"https:\/\/games.tactic.net\/sv\/wp-json\/wp\/v2\/media?parent=373005"}],"wp:term":[{"taxonomy":"product_brand","embeddable":true,"href":"https:\/\/games.tactic.net\/sv\/wp-json\/wp\/v2\/product_brand?post=373005"},{"taxonomy":"product_cat","embeddable":true,"href":"https:\/\/games.tactic.net\/sv\/wp-json\/wp\/v2\/product_cat?post=373005"},{"taxonomy":"product_tag","embeddable":true,"href":"https:\/\/games.tactic.net\/sv\/wp-json\/wp\/v2\/product_tag?post=373005"},{"taxonomy":"brand","embeddable":true,"href":"https:\/\/games.tactic.net\/sv\/wp-json\/wp\/v2\/brand?post=373005"},{"taxonomy":"target-group","embeddable":true,"href":"https:\/\/games.tactic.net\/sv\/wp-json\/wp\/v2\/target-group?post=373005"},{"taxonomy":"discontinued","embeddable":true,"href":"https:\/\/games.tactic.net\/sv\/wp-json\/wp\/v2\/discontinued?post=373005"}],"curies":[{"name":"wp","href":"https:\/\/api.w.org\/{rel}","templated":true}]}}