{"id":371835,"date":"2022-01-26T11:34:43","date_gmt":"2022-01-26T09:34:43","guid":{"rendered":"https:\/\/games.tactic.net\/tuote\/371835\/"},"modified":"2023-04-17T10:12:56","modified_gmt":"2023-04-17T07:12:56","slug":"371835","status":"archive","type":"product","link":"https:\/\/games.tactic.net\/sv\/tuote\/371835\/","title":{"rendered":"Lumo Stars Surprise Egg Sunset"},"content":{"rendered":"<p>Storlek 12,5 cm<\/p>\n<p>&#8221;Jag dr\u00f6mmer om en f\u00e4rgglad solnedg\u00e5ng. Kommer du och tittar p\u00e5 den med mig?&#8221;<\/p>\n","protected":false},"excerpt":{"rendered":"<p>Storlek 12,5 cm &#8221;Jag dr\u00f6mmer om en f\u00e4rgglad solnedg\u00e5ng. Kommer du och tittar p\u00e5 den med mig?&#8221;<\/p>\n","protected":false},"featured_media":0,"template":"","meta":{"content-type":"","_monsterinsights_skip_tracking":false,"_monsterinsights_sitenote_active":false,"_monsterinsights_sitenote_note":"","_monsterinsights_sitenote_category":0},"product_brand":[],"product_cat":[1581],"product_tag":[853],"brand":[{"id":1018,"name":"Lumo Stars","slug":"lumo-stars-13"}],"target-group":[],"discontinued":[],"class_list":{"0":"post-371835","1":"product","2":"type-product","3":"status-archive","5":"product_cat-surprise-eggs","6":"product_tag-kramgo","7":"brand-lumo-stars-13","9":"first","10":"outofstock","11":"taxable","12":"shipping-taxable","13":"product-type-simple"},"aioseo_notices":[],"_links":{"self":[{"href":"https:\/\/games.tactic.net\/sv\/wp-json\/wp\/v2\/product\/371835","targetHints":{"allow":["GET"]}}],"collection":[{"href":"https:\/\/games.tactic.net\/sv\/wp-json\/wp\/v2\/product"}],"about":[{"href":"https:\/\/games.tactic.net\/sv\/wp-json\/wp\/v2\/types\/product"}],"wp:attachment":[{"href":"https:\/\/games.tactic.net\/sv\/wp-json\/wp\/v2\/media?parent=371835"}],"wp:term":[{"taxonomy":"product_brand","embeddable":true,"href":"https:\/\/games.tactic.net\/sv\/wp-json\/wp\/v2\/product_brand?post=371835"},{"taxonomy":"product_cat","embeddable":true,"href":"https:\/\/games.tactic.net\/sv\/wp-json\/wp\/v2\/product_cat?post=371835"},{"taxonomy":"product_tag","embeddable":true,"href":"https:\/\/games.tactic.net\/sv\/wp-json\/wp\/v2\/product_tag?post=371835"},{"taxonomy":"brand","embeddable":true,"href":"https:\/\/games.tactic.net\/sv\/wp-json\/wp\/v2\/brand?post=371835"},{"taxonomy":"target-group","embeddable":true,"href":"https:\/\/games.tactic.net\/sv\/wp-json\/wp\/v2\/target-group?post=371835"},{"taxonomy":"discontinued","embeddable":true,"href":"https:\/\/games.tactic.net\/sv\/wp-json\/wp\/v2\/discontinued?post=371835"}],"curies":[{"name":"wp","href":"https:\/\/api.w.org\/{rel}","templated":true}]}}