{"id":371692,"date":"2022-01-26T11:30:08","date_gmt":"2022-01-26T09:30:08","guid":{"rendered":"https:\/\/games.tactic.net\/tuote\/lumo-stars-surprise-egg-lo\/"},"modified":"2022-07-27T13:00:59","modified_gmt":"2022-07-27T10:00:59","slug":"lumo-stars-surprise-egg-lo","status":"archive","type":"product","link":"https:\/\/games.tactic.net\/sv\/tuote\/lumo-stars-surprise-egg-lo\/","title":{"rendered":"Lumo Stars Surprise Egg Lo"},"content":{"rendered":"<p>Storlek 12,5 cm<\/p>\n<p>&#8221;Jag \u00e4lskar att springa och d\u00e4rf\u00f6r taggen \u00e4r mitt favoritspel. Vill du spela tag med mig?&#8221;<\/p>\n","protected":false},"excerpt":{"rendered":"<p>Storlek 12,5 cm &#8221;Jag \u00e4lskar att springa och d\u00e4rf\u00f6r taggen \u00e4r mitt favoritspel. Vill du spela tag med mig?&#8221;<\/p>\n","protected":false},"featured_media":0,"template":"","meta":{"content-type":"","_monsterinsights_skip_tracking":false,"_monsterinsights_sitenote_active":false,"_monsterinsights_sitenote_note":"","_monsterinsights_sitenote_category":0},"product_brand":[],"product_cat":[1581],"product_tag":[853,1264],"brand":[{"id":1018,"name":"Lumo Stars","slug":"lumo-stars-13"}],"target-group":[],"discontinued":[],"class_list":{"0":"post-371692","1":"product","2":"type-product","3":"status-archive","5":"product_cat-surprise-eggs","6":"product_tag-kramgo","7":"product_tag-lumo-stars-sv","8":"brand-lumo-stars-13","10":"first","11":"outofstock","12":"taxable","13":"shipping-taxable","14":"product-type-simple"},"aioseo_notices":[],"_links":{"self":[{"href":"https:\/\/games.tactic.net\/sv\/wp-json\/wp\/v2\/product\/371692","targetHints":{"allow":["GET"]}}],"collection":[{"href":"https:\/\/games.tactic.net\/sv\/wp-json\/wp\/v2\/product"}],"about":[{"href":"https:\/\/games.tactic.net\/sv\/wp-json\/wp\/v2\/types\/product"}],"wp:attachment":[{"href":"https:\/\/games.tactic.net\/sv\/wp-json\/wp\/v2\/media?parent=371692"}],"wp:term":[{"taxonomy":"product_brand","embeddable":true,"href":"https:\/\/games.tactic.net\/sv\/wp-json\/wp\/v2\/product_brand?post=371692"},{"taxonomy":"product_cat","embeddable":true,"href":"https:\/\/games.tactic.net\/sv\/wp-json\/wp\/v2\/product_cat?post=371692"},{"taxonomy":"product_tag","embeddable":true,"href":"https:\/\/games.tactic.net\/sv\/wp-json\/wp\/v2\/product_tag?post=371692"},{"taxonomy":"brand","embeddable":true,"href":"https:\/\/games.tactic.net\/sv\/wp-json\/wp\/v2\/brand?post=371692"},{"taxonomy":"target-group","embeddable":true,"href":"https:\/\/games.tactic.net\/sv\/wp-json\/wp\/v2\/target-group?post=371692"},{"taxonomy":"discontinued","embeddable":true,"href":"https:\/\/games.tactic.net\/sv\/wp-json\/wp\/v2\/discontinued?post=371692"}],"curies":[{"name":"wp","href":"https:\/\/api.w.org\/{rel}","templated":true}]}}