{"id":371635,"date":"2022-01-26T11:26:51","date_gmt":"2022-01-26T09:26:51","guid":{"rendered":"https:\/\/games.tactic.net\/tuote\/371635\/"},"modified":"2024-08-20T10:31:14","modified_gmt":"2024-08-20T07:31:14","slug":"371635","status":"archive","type":"product","link":"https:\/\/games.tactic.net\/sv\/tuote\/371635\/","title":{"rendered":"Lumo Stars Surprise Egg Rabarber"},"content":{"rendered":"<p>Koko 12,5 cm<\/p>\n<p>&#8221;Mums! Den h\u00e4r rabarbern \u00e4r s\u00e5 god. Vill du komma och g\u00f6ra en rabarberpaj med mig?&#8221;<\/p>\n","protected":false},"excerpt":{"rendered":"<p>Koko 12,5 cm &#8221;Mums! Den h\u00e4r rabarbern \u00e4r s\u00e5 god. Vill du komma och g\u00f6ra en rabarberpaj med mig?&#8221;<\/p>\n","protected":false},"featured_media":0,"template":"","meta":{"content-type":"","_monsterinsights_skip_tracking":false,"_monsterinsights_sitenote_active":false,"_monsterinsights_sitenote_note":"","_monsterinsights_sitenote_category":0},"product_brand":[],"product_cat":[1581],"product_tag":[853,1264],"brand":[{"id":1018,"name":"Lumo Stars","slug":"lumo-stars-13"}],"target-group":[],"discontinued":[],"class_list":{"0":"post-371635","1":"product","2":"type-product","3":"status-archive","5":"product_cat-surprise-eggs","6":"product_tag-kramgo","7":"product_tag-lumo-stars-sv","8":"brand-lumo-stars-13","10":"first","11":"outofstock","12":"taxable","13":"shipping-taxable","14":"product-type-simple"},"aioseo_notices":[],"_links":{"self":[{"href":"https:\/\/games.tactic.net\/sv\/wp-json\/wp\/v2\/product\/371635","targetHints":{"allow":["GET"]}}],"collection":[{"href":"https:\/\/games.tactic.net\/sv\/wp-json\/wp\/v2\/product"}],"about":[{"href":"https:\/\/games.tactic.net\/sv\/wp-json\/wp\/v2\/types\/product"}],"wp:attachment":[{"href":"https:\/\/games.tactic.net\/sv\/wp-json\/wp\/v2\/media?parent=371635"}],"wp:term":[{"taxonomy":"product_brand","embeddable":true,"href":"https:\/\/games.tactic.net\/sv\/wp-json\/wp\/v2\/product_brand?post=371635"},{"taxonomy":"product_cat","embeddable":true,"href":"https:\/\/games.tactic.net\/sv\/wp-json\/wp\/v2\/product_cat?post=371635"},{"taxonomy":"product_tag","embeddable":true,"href":"https:\/\/games.tactic.net\/sv\/wp-json\/wp\/v2\/product_tag?post=371635"},{"taxonomy":"brand","embeddable":true,"href":"https:\/\/games.tactic.net\/sv\/wp-json\/wp\/v2\/brand?post=371635"},{"taxonomy":"target-group","embeddable":true,"href":"https:\/\/games.tactic.net\/sv\/wp-json\/wp\/v2\/target-group?post=371635"},{"taxonomy":"discontinued","embeddable":true,"href":"https:\/\/games.tactic.net\/sv\/wp-json\/wp\/v2\/discontinued?post=371635"}],"curies":[{"name":"wp","href":"https:\/\/api.w.org\/{rel}","templated":true}]}}