{"id":362661,"date":"2022-01-25T11:27:15","date_gmt":"2022-01-25T09:27:15","guid":{"rendered":"https:\/\/games.tactic.net\/tuote\/lumo-velvet-dog-max\/"},"modified":"2023-10-19T16:57:31","modified_gmt":"2023-10-19T13:57:31","slug":"lumo-velvet-dog-max","status":"publish","type":"product","link":"https:\/\/games.tactic.net\/sv\/tuote\/lumo-velvet-dog-max\/","title":{"rendered":"Lumo Stars Velvet Dog Max classic 15cm plush"},"content":{"rendered":"<p>Storlek 15 cm. De sammetsmjuka Lumo Stars Velvet plyschleksakerna v\u00e4ntar p\u00e5 dina k\u00e4rleksfulla crunches! Varje karakt\u00e4r har en rolig och f\u00e4ngslande karakt\u00e4r. De inb\u00e4ddade \u00f6gonen och n\u00e4san p\u00e5 de mjuka leksakerna \u00e4r s\u00e4kra f\u00f6r b\u00e5de sp\u00e4dbarn och \u00e4ldre barn.<\/p>\n<p>Lumo Stars Velvet \u00e4r en produktlinje full av mjuka och snyggt designade sammetsmjukdjur.<\/p>\n","protected":false},"excerpt":{"rendered":"<p>Storlek 15 cm. De sammetsmjuka Lumo Stars Velvet plyschleksakerna v\u00e4ntar p\u00e5 dina k\u00e4rleksfulla crunches! Varje karakt\u00e4r har en rolig och f\u00e4ngslande karakt\u00e4r. De inb\u00e4ddade \u00f6gonen och n\u00e4san p\u00e5 de mjuka leksakerna \u00e4r s\u00e4kra f\u00f6r b\u00e5de sp\u00e4dbarn och \u00e4ldre barn. Lumo Stars Velvet \u00e4r en produktlinje full av mjuka och snyggt designade sammetsmjukdjur.<\/p>\n","protected":false},"featured_media":0,"template":"","meta":{"content-type":"","_monsterinsights_skip_tracking":false,"_monsterinsights_sitenote_active":false,"_monsterinsights_sitenote_note":"","_monsterinsights_sitenote_category":0},"product_brand":[],"product_cat":[1572],"product_tag":[],"brand":[{"id":1018,"name":"Lumo Stars","slug":"lumo-stars-13"}],"target-group":[],"discontinued":[],"class_list":{"0":"post-362661","1":"product","2":"type-product","3":"status-publish","5":"product_cat-velvet-gosedjur-lumo-stars-5","6":"brand-lumo-stars-13","8":"first","9":"outofstock","10":"taxable","11":"shipping-taxable","12":"product-type-simple"},"aioseo_notices":[],"_links":{"self":[{"href":"https:\/\/games.tactic.net\/sv\/wp-json\/wp\/v2\/product\/362661","targetHints":{"allow":["GET"]}}],"collection":[{"href":"https:\/\/games.tactic.net\/sv\/wp-json\/wp\/v2\/product"}],"about":[{"href":"https:\/\/games.tactic.net\/sv\/wp-json\/wp\/v2\/types\/product"}],"wp:attachment":[{"href":"https:\/\/games.tactic.net\/sv\/wp-json\/wp\/v2\/media?parent=362661"}],"wp:term":[{"taxonomy":"product_brand","embeddable":true,"href":"https:\/\/games.tactic.net\/sv\/wp-json\/wp\/v2\/product_brand?post=362661"},{"taxonomy":"product_cat","embeddable":true,"href":"https:\/\/games.tactic.net\/sv\/wp-json\/wp\/v2\/product_cat?post=362661"},{"taxonomy":"product_tag","embeddable":true,"href":"https:\/\/games.tactic.net\/sv\/wp-json\/wp\/v2\/product_tag?post=362661"},{"taxonomy":"brand","embeddable":true,"href":"https:\/\/games.tactic.net\/sv\/wp-json\/wp\/v2\/brand?post=362661"},{"taxonomy":"target-group","embeddable":true,"href":"https:\/\/games.tactic.net\/sv\/wp-json\/wp\/v2\/target-group?post=362661"},{"taxonomy":"discontinued","embeddable":true,"href":"https:\/\/games.tactic.net\/sv\/wp-json\/wp\/v2\/discontinued?post=362661"}],"curies":[{"name":"wp","href":"https:\/\/api.w.org\/{rel}","templated":true}]}}