{"id":193444,"date":"2021-09-30T11:23:42","date_gmt":"2021-09-30T08:23:42","guid":{"rendered":"http:\/\/dev.tactic.net\/tuote\/bundle-dump-truck-kit-and-6-pc-tool-set-w-toolbox\/"},"modified":"2025-01-16T11:20:48","modified_gmt":"2025-01-16T09:20:48","slug":"bundle-dump-truck-kit-and-6-pc-tool-set-w-toolbox","status":"archive","type":"product","link":"https:\/\/games.tactic.net\/sv\/tuote\/bundle-dump-truck-kit-and-6-pc-tool-set-w-toolbox\/","title":{"rendered":"Stanley Jr. Dump truck kit and 6 pc tool set with toolbox toy"},"content":{"rendered":"<p>Snickra sj\u00e4lv en j\u00e4ttefin tr\u00e4leksak! Stanley \u00e4r ett p\u00e5litligt verktygsm\u00e4rke, och kvaliteten \u00e4r lika h\u00f6g i dessa verktygsset f\u00f6r barn. Verktygen som passar en liten barnhand \u00e4r fulla av samma detaljer som de fullstora redskapen, s\u00e5 snickrandet blir b\u00e5de roligt och tryggt! Setet inneh\u00e5ller allt som beh\u00f6vs f\u00f6r en sopbil av tr\u00e4, samt en verktygsl\u00e5da, en hammare, en liten sp\u00e5rskruvmejsel, en liten phillipsskruvmejsel, en skruvtving, ett m\u00e5ttband och f\u00f6rst\u00e5s ett par skyddsglas\u00f6gon. &#8211; Verktygen g\u00e5r fint att f\u00f6rvara i verktygsl\u00e5dan! &#8211; Gummiytan g\u00f6r att verktygen h\u00e5lls bra i handen! &#8211; De stadiga verktygen \u00e4r trygga att anv\u00e4nda. &#8211; Sopbilen \u00e4r ett roligt f\u00f6rsta projekt f\u00f6r en liten snickare!<\/p>\n","protected":false},"excerpt":{"rendered":"<p>Snickra sj\u00e4lv en j\u00e4ttefin tr\u00e4leksak! Stanley \u00e4r ett p\u00e5litligt verktygsm\u00e4rke, och kvaliteten \u00e4r lika h\u00f6g i dessa verktygsset f\u00f6r barn. Verktygen som passar en liten barnhand \u00e4r fulla av samma detaljer som de fullstora redskapen, s\u00e5 snickrandet blir b\u00e5de roligt och tryggt! Setet inneh\u00e5ller allt som beh\u00f6vs f\u00f6r en sopbil av tr\u00e4, samt en verktygsl\u00e5da, en hammare, en liten sp\u00e5rskruvmejsel, en liten phillipsskruvmejsel, en skruvtving, ett m\u00e5ttband och f\u00f6rst\u00e5s ett par skyddsglas\u00f6gon.<\/p>\n","protected":false},"featured_media":0,"template":"","meta":{"content-type":"","_monsterinsights_skip_tracking":false,"_monsterinsights_sitenote_active":false,"_monsterinsights_sitenote_note":"","_monsterinsights_sitenote_category":0},"product_brand":[],"product_cat":[1218],"product_tag":[],"brand":[],"target-group":[],"discontinued":[],"class_list":{"0":"post-193444","1":"product","2":"type-product","3":"status-archive","5":"product_cat-stanley-jr-2","7":"first","8":"instock","9":"taxable","10":"shipping-taxable","11":"product-type-simple"},"aioseo_notices":[],"_links":{"self":[{"href":"https:\/\/games.tactic.net\/sv\/wp-json\/wp\/v2\/product\/193444","targetHints":{"allow":["GET"]}}],"collection":[{"href":"https:\/\/games.tactic.net\/sv\/wp-json\/wp\/v2\/product"}],"about":[{"href":"https:\/\/games.tactic.net\/sv\/wp-json\/wp\/v2\/types\/product"}],"wp:attachment":[{"href":"https:\/\/games.tactic.net\/sv\/wp-json\/wp\/v2\/media?parent=193444"}],"wp:term":[{"taxonomy":"product_brand","embeddable":true,"href":"https:\/\/games.tactic.net\/sv\/wp-json\/wp\/v2\/product_brand?post=193444"},{"taxonomy":"product_cat","embeddable":true,"href":"https:\/\/games.tactic.net\/sv\/wp-json\/wp\/v2\/product_cat?post=193444"},{"taxonomy":"product_tag","embeddable":true,"href":"https:\/\/games.tactic.net\/sv\/wp-json\/wp\/v2\/product_tag?post=193444"},{"taxonomy":"brand","embeddable":true,"href":"https:\/\/games.tactic.net\/sv\/wp-json\/wp\/v2\/brand?post=193444"},{"taxonomy":"target-group","embeddable":true,"href":"https:\/\/games.tactic.net\/sv\/wp-json\/wp\/v2\/target-group?post=193444"},{"taxonomy":"discontinued","embeddable":true,"href":"https:\/\/games.tactic.net\/sv\/wp-json\/wp\/v2\/discontinued?post=193444"}],"curies":[{"name":"wp","href":"https:\/\/api.w.org\/{rel}","templated":true}]}}