{"id":192980,"date":"2021-09-30T11:03:51","date_gmt":"2021-09-30T08:03:51","guid":{"rendered":"http:\/\/dev.tactic.net\/tuote\/garden-hand-toold-set-4-4pc\/"},"modified":"2025-01-16T11:20:23","modified_gmt":"2025-01-16T09:20:23","slug":"garden-hand-toold-set-4-4pc","status":"archive","type":"product","link":"https:\/\/games.tactic.net\/sv\/tuote\/garden-hand-toold-set-4-4pc\/","title":{"rendered":"Stanley Jr. Garden hand tool set 4 pc toy"},"content":{"rendered":"<p>Tr\u00e4dg\u00e5rdsset inneh\u00e5llande: Planteringsspade, Planteringskratta och Planteringsgrep samt en vatten kanna<\/p>\n","protected":false},"excerpt":{"rendered":"<p>Tr\u00e4dg\u00e5rdsset inneh\u00e5llande: Planteringsspade, Planteringskratta och Planteringsgrep samt en vatten kanna<\/p>\n","protected":false},"featured_media":0,"template":"","meta":{"content-type":"","_monsterinsights_skip_tracking":false,"_monsterinsights_sitenote_active":false,"_monsterinsights_sitenote_note":"","_monsterinsights_sitenote_category":0},"product_brand":[],"product_cat":[1218],"product_tag":[],"brand":[],"target-group":[],"discontinued":[],"class_list":{"0":"post-192980","1":"product","2":"type-product","3":"status-archive","5":"product_cat-stanley-jr-2","7":"first","8":"instock","9":"taxable","10":"shipping-taxable","11":"product-type-simple"},"aioseo_notices":[],"_links":{"self":[{"href":"https:\/\/games.tactic.net\/sv\/wp-json\/wp\/v2\/product\/192980","targetHints":{"allow":["GET"]}}],"collection":[{"href":"https:\/\/games.tactic.net\/sv\/wp-json\/wp\/v2\/product"}],"about":[{"href":"https:\/\/games.tactic.net\/sv\/wp-json\/wp\/v2\/types\/product"}],"wp:attachment":[{"href":"https:\/\/games.tactic.net\/sv\/wp-json\/wp\/v2\/media?parent=192980"}],"wp:term":[{"taxonomy":"product_brand","embeddable":true,"href":"https:\/\/games.tactic.net\/sv\/wp-json\/wp\/v2\/product_brand?post=192980"},{"taxonomy":"product_cat","embeddable":true,"href":"https:\/\/games.tactic.net\/sv\/wp-json\/wp\/v2\/product_cat?post=192980"},{"taxonomy":"product_tag","embeddable":true,"href":"https:\/\/games.tactic.net\/sv\/wp-json\/wp\/v2\/product_tag?post=192980"},{"taxonomy":"brand","embeddable":true,"href":"https:\/\/games.tactic.net\/sv\/wp-json\/wp\/v2\/brand?post=192980"},{"taxonomy":"target-group","embeddable":true,"href":"https:\/\/games.tactic.net\/sv\/wp-json\/wp\/v2\/target-group?post=192980"},{"taxonomy":"discontinued","embeddable":true,"href":"https:\/\/games.tactic.net\/sv\/wp-json\/wp\/v2\/discontinued?post=192980"}],"curies":[{"name":"wp","href":"https:\/\/api.w.org\/{rel}","templated":true}]}}