{"id":192847,"date":"2021-09-30T10:59:46","date_gmt":"2021-09-30T07:59:46","guid":{"rendered":"http:\/\/dev.tactic.net\/tuote\/garden-tool-set-10-pieces-combo\/"},"modified":"2025-01-16T11:20:15","modified_gmt":"2025-01-16T09:20:15","slug":"garden-tool-set-10-pieces-combo","status":"archive","type":"product","link":"https:\/\/games.tactic.net\/sv\/tuote\/garden-tool-set-10-pieces-combo\/","title":{"rendered":"Stanley Jr. Garden tool set 10 pc toy"},"content":{"rendered":"<p>Allt den lilla tr\u00e4dg\u00e5rdsm\u00e4staren beh\u00f6ver. I detta stora set s\u00e5 finner du: Arbetsspade, Arbetskratta, Hink, Arbetshandskar, Planteringskrukor samt Fr\u00f6beskrivning<\/p>\n","protected":false},"excerpt":{"rendered":"<p>Allt den lilla tr\u00e4dg\u00e5rdsm\u00e4staren beh\u00f6ver. I detta stora set s\u00e5 finner du: Arbetsspade, Arbetskratta, Hink, Arbetshandskar, Planteringskrukor samt Fr\u00f6beskrivning<\/p>\n","protected":false},"featured_media":0,"template":"","meta":{"content-type":"","_monsterinsights_skip_tracking":false,"_monsterinsights_sitenote_active":false,"_monsterinsights_sitenote_note":"","_monsterinsights_sitenote_category":0},"product_brand":[],"product_cat":[1218],"product_tag":[],"brand":[],"target-group":[],"discontinued":[],"class_list":{"0":"post-192847","1":"product","2":"type-product","3":"status-archive","5":"product_cat-stanley-jr-2","7":"first","8":"outofstock","9":"taxable","10":"shipping-taxable","11":"product-type-simple"},"aioseo_notices":[],"_links":{"self":[{"href":"https:\/\/games.tactic.net\/sv\/wp-json\/wp\/v2\/product\/192847","targetHints":{"allow":["GET"]}}],"collection":[{"href":"https:\/\/games.tactic.net\/sv\/wp-json\/wp\/v2\/product"}],"about":[{"href":"https:\/\/games.tactic.net\/sv\/wp-json\/wp\/v2\/types\/product"}],"wp:attachment":[{"href":"https:\/\/games.tactic.net\/sv\/wp-json\/wp\/v2\/media?parent=192847"}],"wp:term":[{"taxonomy":"product_brand","embeddable":true,"href":"https:\/\/games.tactic.net\/sv\/wp-json\/wp\/v2\/product_brand?post=192847"},{"taxonomy":"product_cat","embeddable":true,"href":"https:\/\/games.tactic.net\/sv\/wp-json\/wp\/v2\/product_cat?post=192847"},{"taxonomy":"product_tag","embeddable":true,"href":"https:\/\/games.tactic.net\/sv\/wp-json\/wp\/v2\/product_tag?post=192847"},{"taxonomy":"brand","embeddable":true,"href":"https:\/\/games.tactic.net\/sv\/wp-json\/wp\/v2\/brand?post=192847"},{"taxonomy":"target-group","embeddable":true,"href":"https:\/\/games.tactic.net\/sv\/wp-json\/wp\/v2\/target-group?post=192847"},{"taxonomy":"discontinued","embeddable":true,"href":"https:\/\/games.tactic.net\/sv\/wp-json\/wp\/v2\/discontinued?post=192847"}],"curies":[{"name":"wp","href":"https:\/\/api.w.org\/{rel}","templated":true}]}}