{"id":192730,"date":"2021-09-30T10:53:31","date_gmt":"2021-09-30T07:53:31","guid":{"rendered":"http:\/\/dev.tactic.net\/tuote\/toolbox-including-5-tools\/"},"modified":"2025-01-16T11:20:07","modified_gmt":"2025-01-16T09:20:07","slug":"toolbox-including-5-tools","status":"archive","type":"product","link":"https:\/\/games.tactic.net\/sv\/tuote\/toolbox-including-5-tools\/","title":{"rendered":"Stanley Jr. Toolbox and toolset 5 pc toy"},"content":{"rendered":"<p>Vad ska vi bygga idag? Stanley \u00e4r ett p\u00e5litligt verktygsm\u00e4rke, och kvaliteten \u00e4r lika h\u00f6g i dessa verktygsset f\u00f6r barn. Verktygen som passar en liten barnhand \u00e4r fulla av samma detaljer som de fullstora redskapen, s\u00e5 snickrandet blir b\u00e5de roligt och tryggt! Setet inneh\u00e5ller en verktygsl\u00e5da, tv\u00e5 miniskruvmejslar, ett m\u00e5ttband, en hammare och f\u00f6rst\u00e5s ett par skyddsglas\u00f6gon! &#8211; Gummiytan g\u00f6r att verktygen h\u00e5lls bra i handen! &#8211; De stadiga verktygen \u00e4r trygga att anv\u00e4nda. &#8211; Det fiffiga setet \u00e4r perfekt f\u00f6r en ung snickare.<\/p>\n","protected":false},"excerpt":{"rendered":"<p>Vad ska vi bygga idag? Stanley \u00e4r ett p\u00e5litligt verktygsm\u00e4rke, och kvaliteten \u00e4r lika h\u00f6g i dessa verktygsset f\u00f6r barn. Verktygen som passar en liten barnhand \u00e4r fulla av samma detaljer som de fullstora redskapen, s\u00e5 snickrandet blir b\u00e5de roligt och tryggt! Setet inneh\u00e5ller en verktygsl\u00e5da, tv\u00e5 miniskruvmejslar, ett m\u00e5ttband, en hammare och f\u00f6rst\u00e5s ett par skyddsglas\u00f6gon!<\/p>\n","protected":false},"featured_media":0,"template":"","meta":{"content-type":"","_monsterinsights_skip_tracking":false,"_monsterinsights_sitenote_active":false,"_monsterinsights_sitenote_note":"","_monsterinsights_sitenote_category":0},"product_brand":[],"product_cat":[1218],"product_tag":[],"brand":[],"target-group":[],"discontinued":[],"class_list":{"0":"post-192730","1":"product","2":"type-product","3":"status-archive","5":"product_cat-stanley-jr-2","7":"first","8":"outofstock","9":"taxable","10":"shipping-taxable","11":"product-type-simple"},"aioseo_notices":[],"_links":{"self":[{"href":"https:\/\/games.tactic.net\/sv\/wp-json\/wp\/v2\/product\/192730","targetHints":{"allow":["GET"]}}],"collection":[{"href":"https:\/\/games.tactic.net\/sv\/wp-json\/wp\/v2\/product"}],"about":[{"href":"https:\/\/games.tactic.net\/sv\/wp-json\/wp\/v2\/types\/product"}],"wp:attachment":[{"href":"https:\/\/games.tactic.net\/sv\/wp-json\/wp\/v2\/media?parent=192730"}],"wp:term":[{"taxonomy":"product_brand","embeddable":true,"href":"https:\/\/games.tactic.net\/sv\/wp-json\/wp\/v2\/product_brand?post=192730"},{"taxonomy":"product_cat","embeddable":true,"href":"https:\/\/games.tactic.net\/sv\/wp-json\/wp\/v2\/product_cat?post=192730"},{"taxonomy":"product_tag","embeddable":true,"href":"https:\/\/games.tactic.net\/sv\/wp-json\/wp\/v2\/product_tag?post=192730"},{"taxonomy":"brand","embeddable":true,"href":"https:\/\/games.tactic.net\/sv\/wp-json\/wp\/v2\/brand?post=192730"},{"taxonomy":"target-group","embeddable":true,"href":"https:\/\/games.tactic.net\/sv\/wp-json\/wp\/v2\/target-group?post=192730"},{"taxonomy":"discontinued","embeddable":true,"href":"https:\/\/games.tactic.net\/sv\/wp-json\/wp\/v2\/discontinued?post=192730"}],"curies":[{"name":"wp","href":"https:\/\/api.w.org\/{rel}","templated":true}]}}