{"id":192408,"date":"2021-09-30T10:46:32","date_gmt":"2021-09-30T07:46:32","guid":{"rendered":"http:\/\/dev.tactic.net\/tuote\/tool-set-5-pc\/"},"modified":"2025-01-16T11:19:41","modified_gmt":"2025-01-16T09:19:41","slug":"tool-set-5-pc","status":"archive","type":"product","link":"https:\/\/games.tactic.net\/sv\/tuote\/tool-set-5-pc\/","title":{"rendered":"Stanley Jr. Toolset 5 pc toy"},"content":{"rendered":"<p>Verktygsset inneh\u00e5llande 5 verktyg: Hammare, skyddsglas\u00f6gon, skruvmejsel, stj\u00e4rnmejsel och m\u00e5ttband<\/p>\n","protected":false},"excerpt":{"rendered":"<p>Philips Screwdriver no.1, Philips Screwdriver no.2, Hammer, Tape measure, Safety Goggles<\/p>\n","protected":false},"featured_media":0,"template":"","meta":{"content-type":"","_monsterinsights_skip_tracking":false,"_monsterinsights_sitenote_active":false,"_monsterinsights_sitenote_note":"","_monsterinsights_sitenote_category":0},"product_brand":[],"product_cat":[1218],"product_tag":[],"brand":[],"target-group":[],"discontinued":[],"class_list":{"0":"post-192408","1":"product","2":"type-product","3":"status-archive","5":"product_cat-stanley-jr-2","7":"first","8":"instock","9":"taxable","10":"shipping-taxable","11":"product-type-simple"},"aioseo_notices":[],"_links":{"self":[{"href":"https:\/\/games.tactic.net\/sv\/wp-json\/wp\/v2\/product\/192408","targetHints":{"allow":["GET"]}}],"collection":[{"href":"https:\/\/games.tactic.net\/sv\/wp-json\/wp\/v2\/product"}],"about":[{"href":"https:\/\/games.tactic.net\/sv\/wp-json\/wp\/v2\/types\/product"}],"wp:attachment":[{"href":"https:\/\/games.tactic.net\/sv\/wp-json\/wp\/v2\/media?parent=192408"}],"wp:term":[{"taxonomy":"product_brand","embeddable":true,"href":"https:\/\/games.tactic.net\/sv\/wp-json\/wp\/v2\/product_brand?post=192408"},{"taxonomy":"product_cat","embeddable":true,"href":"https:\/\/games.tactic.net\/sv\/wp-json\/wp\/v2\/product_cat?post=192408"},{"taxonomy":"product_tag","embeddable":true,"href":"https:\/\/games.tactic.net\/sv\/wp-json\/wp\/v2\/product_tag?post=192408"},{"taxonomy":"brand","embeddable":true,"href":"https:\/\/games.tactic.net\/sv\/wp-json\/wp\/v2\/brand?post=192408"},{"taxonomy":"target-group","embeddable":true,"href":"https:\/\/games.tactic.net\/sv\/wp-json\/wp\/v2\/target-group?post=192408"},{"taxonomy":"discontinued","embeddable":true,"href":"https:\/\/games.tactic.net\/sv\/wp-json\/wp\/v2\/discontinued?post=192408"}],"curies":[{"name":"wp","href":"https:\/\/api.w.org\/{rel}","templated":true}]}}