{"id":192348,"date":"2021-09-30T10:45:05","date_gmt":"2021-09-30T07:45:05","guid":{"rendered":"http:\/\/dev.tactic.net\/tuote\/garden-hand-tool-set-1-3-pc\/"},"modified":"2025-01-16T11:19:37","modified_gmt":"2025-01-16T09:19:37","slug":"garden-hand-tool-set-1-3-pc","status":"archive","type":"product","link":"https:\/\/games.tactic.net\/sv\/tuote\/garden-hand-tool-set-1-3-pc\/","title":{"rendered":"Stanley Jr. Garden hand tool set 3 pc toy"},"content":{"rendered":"<p>Tr\u00e4dg\u00e5rdsset inneh\u00e5llande: Planteringsspade, Planteringskratta och Planteringsgrep<\/p>\n","protected":false},"excerpt":{"rendered":"<p>Tr\u00e4dg\u00e5rdsset inneh\u00e5llande: Planteringsspade, Planteringskratta och Planteringsgrep<\/p>\n","protected":false},"featured_media":0,"template":"","meta":{"content-type":"","_monsterinsights_skip_tracking":false,"_monsterinsights_sitenote_active":false,"_monsterinsights_sitenote_note":"","_monsterinsights_sitenote_category":0},"product_brand":[],"product_cat":[1218],"product_tag":[],"brand":[],"target-group":[],"discontinued":[],"class_list":{"0":"post-192348","1":"product","2":"type-product","3":"status-archive","5":"product_cat-stanley-jr-2","7":"first","8":"outofstock","9":"taxable","10":"shipping-taxable","11":"product-type-simple"},"aioseo_notices":[],"_links":{"self":[{"href":"https:\/\/games.tactic.net\/sv\/wp-json\/wp\/v2\/product\/192348","targetHints":{"allow":["GET"]}}],"collection":[{"href":"https:\/\/games.tactic.net\/sv\/wp-json\/wp\/v2\/product"}],"about":[{"href":"https:\/\/games.tactic.net\/sv\/wp-json\/wp\/v2\/types\/product"}],"wp:attachment":[{"href":"https:\/\/games.tactic.net\/sv\/wp-json\/wp\/v2\/media?parent=192348"}],"wp:term":[{"taxonomy":"product_brand","embeddable":true,"href":"https:\/\/games.tactic.net\/sv\/wp-json\/wp\/v2\/product_brand?post=192348"},{"taxonomy":"product_cat","embeddable":true,"href":"https:\/\/games.tactic.net\/sv\/wp-json\/wp\/v2\/product_cat?post=192348"},{"taxonomy":"product_tag","embeddable":true,"href":"https:\/\/games.tactic.net\/sv\/wp-json\/wp\/v2\/product_tag?post=192348"},{"taxonomy":"brand","embeddable":true,"href":"https:\/\/games.tactic.net\/sv\/wp-json\/wp\/v2\/brand?post=192348"},{"taxonomy":"target-group","embeddable":true,"href":"https:\/\/games.tactic.net\/sv\/wp-json\/wp\/v2\/target-group?post=192348"},{"taxonomy":"discontinued","embeddable":true,"href":"https:\/\/games.tactic.net\/sv\/wp-json\/wp\/v2\/discontinued?post=192348"}],"curies":[{"name":"wp","href":"https:\/\/api.w.org\/{rel}","templated":true}]}}