{"id":191496,"date":"2021-09-29T16:17:56","date_gmt":"2021-09-29T13:17:56","guid":{"rendered":"http:\/\/dev.tactic.net\/tuote\/pull-back-airplane-kit\/"},"modified":"2025-01-16T11:18:39","modified_gmt":"2025-01-16T09:18:39","slug":"pull-back-airplane-kit","status":"archive","type":"product","link":"https:\/\/games.tactic.net\/sv\/tuote\/pull-back-airplane-kit\/","title":{"rendered":"Stanley Jr. Pull-back airplane kit building set"},"content":{"rendered":"<p>Bygg ihop ditt egna coola uppdragbara flygplan med den h\u00e4r byggsatsen. Inneh\u00e5ll, tr\u00e4delar &#8211; skruvar &#8211; sandpapper, stickers och pensel samt m\u00e5larf\u00e4rg<\/p>\n","protected":false},"excerpt":{"rendered":"<p>Bygg ihop ditt egna coola uppdragbara flygplan med den h\u00e4r byggsatsen. Inneh\u00e5ll, tr\u00e4delar &#8211; skruvar &#8211; sandpapper, stickers och pensel samt m\u00e5larf\u00e4rg<\/p>\n","protected":false},"featured_media":0,"template":"","meta":{"content-type":"","_monsterinsights_skip_tracking":false,"_monsterinsights_sitenote_active":false,"_monsterinsights_sitenote_note":"","_monsterinsights_sitenote_category":0},"product_brand":[],"product_cat":[1218],"product_tag":[1227],"brand":[],"target-group":[],"discontinued":[],"class_list":{"0":"post-191496","1":"product","2":"type-product","3":"status-archive","5":"product_cat-stanley-jr-2","6":"product_tag-kreativitet-sv","8":"first","9":"instock","10":"taxable","11":"shipping-taxable","12":"product-type-simple"},"aioseo_notices":[],"_links":{"self":[{"href":"https:\/\/games.tactic.net\/sv\/wp-json\/wp\/v2\/product\/191496","targetHints":{"allow":["GET"]}}],"collection":[{"href":"https:\/\/games.tactic.net\/sv\/wp-json\/wp\/v2\/product"}],"about":[{"href":"https:\/\/games.tactic.net\/sv\/wp-json\/wp\/v2\/types\/product"}],"wp:attachment":[{"href":"https:\/\/games.tactic.net\/sv\/wp-json\/wp\/v2\/media?parent=191496"}],"wp:term":[{"taxonomy":"product_brand","embeddable":true,"href":"https:\/\/games.tactic.net\/sv\/wp-json\/wp\/v2\/product_brand?post=191496"},{"taxonomy":"product_cat","embeddable":true,"href":"https:\/\/games.tactic.net\/sv\/wp-json\/wp\/v2\/product_cat?post=191496"},{"taxonomy":"product_tag","embeddable":true,"href":"https:\/\/games.tactic.net\/sv\/wp-json\/wp\/v2\/product_tag?post=191496"},{"taxonomy":"brand","embeddable":true,"href":"https:\/\/games.tactic.net\/sv\/wp-json\/wp\/v2\/brand?post=191496"},{"taxonomy":"target-group","embeddable":true,"href":"https:\/\/games.tactic.net\/sv\/wp-json\/wp\/v2\/target-group?post=191496"},{"taxonomy":"discontinued","embeddable":true,"href":"https:\/\/games.tactic.net\/sv\/wp-json\/wp\/v2\/discontinued?post=191496"}],"curies":[{"name":"wp","href":"https:\/\/api.w.org\/{rel}","templated":true}]}}