{"id":187313,"date":"2021-09-29T13:57:03","date_gmt":"2021-09-29T10:57:03","guid":{"rendered":"http:\/\/dev.tactic.net\/tuote\/molkky-sport-bag\/"},"modified":"2023-10-17T19:28:23","modified_gmt":"2023-10-17T16:28:23","slug":"molkky-sport-bag","status":"publish","type":"product","link":"https:\/\/games.tactic.net\/sv\/tuote\/molkky-sport-bag\/","title":{"rendered":"M\u00f6lkky\u00ae Sport Bag"},"content":{"rendered":"<p>V\u00e4ska designad s\u00e4rskilt f\u00f6r M\u00f6lkky\u00ae. Flera fickor. Vadderat axelband g\u00f6r den l\u00e4tt att b\u00e4ra. H\u00e5llbart material f\u00f6r utomhusbruk. Den h\u00e4r kvalitetsv\u00e4skan inneh\u00e5ller 12 dubbelnumrerade M\u00f6lkky\u00ae-k\u00e4glor (\u201dturneringsk\u00e4glor\u201d), po\u00e4ngblock och M\u00f6lkkaari. Tillverkad i Finland.<\/p>\n","protected":false},"excerpt":{"rendered":"<p>V\u00e4ska designad s\u00e4rskilt f\u00f6r M\u00f6lkky\u00ae. Flera fickor. Vadderat axelband g\u00f6r den l\u00e4tt att b\u00e4ra. H\u00e5llbart material f\u00f6r utomhusbruk. Den h\u00e4r kvalitetsv\u00e4skan inneh\u00e5ller 12 dubbelnumrerade M\u00f6lkky\u00ae-k\u00e4glor (\u201dturneringsk\u00e4glor\u201d), po\u00e4ngblock och M\u00f6lkkaari. Tillverkad i Finland.<\/p>\n","protected":false},"featured_media":0,"template":"","meta":{"content-type":"","_monsterinsights_skip_tracking":false,"_monsterinsights_sitenote_active":false,"_monsterinsights_sitenote_note":"","_monsterinsights_sitenote_category":0},"product_brand":[],"product_cat":[1537],"product_tag":[1220,1240,1249],"brand":[{"id":1217,"name":"M\u00f6lkky","slug":"molkky_se"}],"target-group":[],"discontinued":[],"class_list":{"0":"post-187313","1":"product","2":"type-product","3":"status-publish","5":"product_cat-spel","6":"product_tag-aktion-sv","7":"product_tag-rakning-sv","8":"product_tag-skicklighet-sv","9":"brand-molkky_se","11":"first","12":"instock","13":"taxable","14":"shipping-taxable","15":"product-type-simple"},"aioseo_notices":[],"_links":{"self":[{"href":"https:\/\/games.tactic.net\/sv\/wp-json\/wp\/v2\/product\/187313","targetHints":{"allow":["GET"]}}],"collection":[{"href":"https:\/\/games.tactic.net\/sv\/wp-json\/wp\/v2\/product"}],"about":[{"href":"https:\/\/games.tactic.net\/sv\/wp-json\/wp\/v2\/types\/product"}],"wp:attachment":[{"href":"https:\/\/games.tactic.net\/sv\/wp-json\/wp\/v2\/media?parent=187313"}],"wp:term":[{"taxonomy":"product_brand","embeddable":true,"href":"https:\/\/games.tactic.net\/sv\/wp-json\/wp\/v2\/product_brand?post=187313"},{"taxonomy":"product_cat","embeddable":true,"href":"https:\/\/games.tactic.net\/sv\/wp-json\/wp\/v2\/product_cat?post=187313"},{"taxonomy":"product_tag","embeddable":true,"href":"https:\/\/games.tactic.net\/sv\/wp-json\/wp\/v2\/product_tag?post=187313"},{"taxonomy":"brand","embeddable":true,"href":"https:\/\/games.tactic.net\/sv\/wp-json\/wp\/v2\/brand?post=187313"},{"taxonomy":"target-group","embeddable":true,"href":"https:\/\/games.tactic.net\/sv\/wp-json\/wp\/v2\/target-group?post=187313"},{"taxonomy":"discontinued","embeddable":true,"href":"https:\/\/games.tactic.net\/sv\/wp-json\/wp\/v2\/discontinued?post=187313"}],"curies":[{"name":"wp","href":"https:\/\/api.w.org\/{rel}","templated":true}]}}