{"id":187256,"date":"2021-09-29T13:56:42","date_gmt":"2021-09-29T10:56:42","guid":{"rendered":"http:\/\/dev.tactic.net\/tuote\/petanque-sport-bag\/"},"modified":"2025-04-17T11:27:08","modified_gmt":"2025-04-17T08:27:08","slug":"petanque-sport-bag","status":"publish","type":"product","link":"https:\/\/games.tactic.net\/sv\/tuote\/petanque-sport-bag\/","title":{"rendered":"Tactic Petanque Sport Bag"},"content":{"rendered":"<p>Sportv\u00e4ska med ett set titaniumbekl\u00e4dda 73mm\/720g bouleklot, lille i tr\u00e4 och ett m\u00e5ttband. Vadderad axelrem g\u00f6r den l\u00e4tt att b\u00e4ra. H\u00e5llbart material f\u00f6r utomhusbruk.<\/p>\n","protected":false},"excerpt":{"rendered":"<p>Sportv\u00e4ska med ett set titaniumbekl\u00e4dda 73mm\/720g bouleklot, lille i tr\u00e4 och ett m\u00e5ttband. Vadderad axelrem g\u00f6r den l\u00e4tt att b\u00e4ra. H\u00e5llbart material f\u00f6r utomhusbruk.<\/p>\n","protected":false},"featured_media":0,"template":"","meta":{"content-type":"","_monsterinsights_skip_tracking":false,"_monsterinsights_sitenote_active":false,"_monsterinsights_sitenote_note":"","_monsterinsights_sitenote_category":0},"product_brand":[],"product_cat":[1536],"product_tag":[1220,1249],"brand":[],"target-group":[],"discontinued":[],"class_list":{"0":"post-187256","1":"product","2":"type-product","3":"status-publish","5":"product_cat-andra-utomhusspel","6":"product_tag-aktion-sv","7":"product_tag-skicklighet-sv","9":"first","10":"instock","11":"taxable","12":"shipping-taxable","13":"product-type-simple"},"aioseo_notices":[],"_links":{"self":[{"href":"https:\/\/games.tactic.net\/sv\/wp-json\/wp\/v2\/product\/187256","targetHints":{"allow":["GET"]}}],"collection":[{"href":"https:\/\/games.tactic.net\/sv\/wp-json\/wp\/v2\/product"}],"about":[{"href":"https:\/\/games.tactic.net\/sv\/wp-json\/wp\/v2\/types\/product"}],"wp:attachment":[{"href":"https:\/\/games.tactic.net\/sv\/wp-json\/wp\/v2\/media?parent=187256"}],"wp:term":[{"taxonomy":"product_brand","embeddable":true,"href":"https:\/\/games.tactic.net\/sv\/wp-json\/wp\/v2\/product_brand?post=187256"},{"taxonomy":"product_cat","embeddable":true,"href":"https:\/\/games.tactic.net\/sv\/wp-json\/wp\/v2\/product_cat?post=187256"},{"taxonomy":"product_tag","embeddable":true,"href":"https:\/\/games.tactic.net\/sv\/wp-json\/wp\/v2\/product_tag?post=187256"},{"taxonomy":"brand","embeddable":true,"href":"https:\/\/games.tactic.net\/sv\/wp-json\/wp\/v2\/brand?post=187256"},{"taxonomy":"target-group","embeddable":true,"href":"https:\/\/games.tactic.net\/sv\/wp-json\/wp\/v2\/target-group?post=187256"},{"taxonomy":"discontinued","embeddable":true,"href":"https:\/\/games.tactic.net\/sv\/wp-json\/wp\/v2\/discontinued?post=187256"}],"curies":[{"name":"wp","href":"https:\/\/api.w.org\/{rel}","templated":true}]}}