{"id":187171,"date":"2021-09-29T13:56:20","date_gmt":"2021-09-29T10:56:20","guid":{"rendered":"http:\/\/dev.tactic.net\/tuote\/kubb-sport-bag\/"},"modified":"2024-08-20T10:30:31","modified_gmt":"2024-08-20T07:30:31","slug":"kubb-sport-bag","status":"archive","type":"product","link":"https:\/\/games.tactic.net\/sv\/tuote\/kubb-sport-bag\/","title":{"rendered":"Tactic Kubb Sport Bag"},"content":{"rendered":"<p>Sportv\u00e4ska med flera fickor. Vadderad axelrem g\u00f6r den l\u00e4tt att b\u00e4ra. H\u00e5llbart material f\u00f6r utomhusbruk. V\u00e4skan inneh\u00e5ller ett komplett kubb-spel. Tillverkad i Finland.<\/p>\n","protected":false},"excerpt":{"rendered":"<p>Sportv\u00e4ska med flera fickor. Vadderad axelrem g\u00f6r den l\u00e4tt att b\u00e4ra. H\u00e5llbart material f\u00f6r utomhusbruk. V\u00e4skan inneh\u00e5ller ett komplett kubb-spel. Tillverkad i Finland.<\/p>\n","protected":false},"featured_media":0,"template":"","meta":{"content-type":"","_monsterinsights_skip_tracking":false,"_monsterinsights_sitenote_active":false,"_monsterinsights_sitenote_note":"","_monsterinsights_sitenote_category":0},"product_brand":[],"product_cat":[1536],"product_tag":[1220,1249],"brand":[],"target-group":[],"discontinued":[],"class_list":{"0":"post-187171","1":"product","2":"type-product","3":"status-archive","5":"product_cat-andra-utomhusspel","6":"product_tag-aktion-sv","7":"product_tag-skicklighet-sv","9":"first","10":"outofstock","11":"taxable","12":"shipping-taxable","13":"product-type-simple"},"aioseo_notices":[],"_links":{"self":[{"href":"https:\/\/games.tactic.net\/sv\/wp-json\/wp\/v2\/product\/187171","targetHints":{"allow":["GET"]}}],"collection":[{"href":"https:\/\/games.tactic.net\/sv\/wp-json\/wp\/v2\/product"}],"about":[{"href":"https:\/\/games.tactic.net\/sv\/wp-json\/wp\/v2\/types\/product"}],"wp:attachment":[{"href":"https:\/\/games.tactic.net\/sv\/wp-json\/wp\/v2\/media?parent=187171"}],"wp:term":[{"taxonomy":"product_brand","embeddable":true,"href":"https:\/\/games.tactic.net\/sv\/wp-json\/wp\/v2\/product_brand?post=187171"},{"taxonomy":"product_cat","embeddable":true,"href":"https:\/\/games.tactic.net\/sv\/wp-json\/wp\/v2\/product_cat?post=187171"},{"taxonomy":"product_tag","embeddable":true,"href":"https:\/\/games.tactic.net\/sv\/wp-json\/wp\/v2\/product_tag?post=187171"},{"taxonomy":"brand","embeddable":true,"href":"https:\/\/games.tactic.net\/sv\/wp-json\/wp\/v2\/brand?post=187171"},{"taxonomy":"target-group","embeddable":true,"href":"https:\/\/games.tactic.net\/sv\/wp-json\/wp\/v2\/target-group?post=187171"},{"taxonomy":"discontinued","embeddable":true,"href":"https:\/\/games.tactic.net\/sv\/wp-json\/wp\/v2\/discontinued?post=187171"}],"curies":[{"name":"wp","href":"https:\/\/api.w.org\/{rel}","templated":true}]}}