{"id":186746,"date":"2021-09-29T13:54:40","date_gmt":"2021-09-29T10:54:40","guid":{"rendered":"http:\/\/dev.tactic.net\/tuote\/dam-kvarn\/"},"modified":"2023-10-17T19:09:02","modified_gmt":"2023-10-17T16:09:02","slug":"dam-kvarn","status":"publish","type":"product","link":"https:\/\/games.tactic.net\/sv\/tuote\/dam-kvarn\/","title":{"rendered":"Tactic Dam &#038; Kvarn resespel"},"content":{"rendered":"<p>Det finns alltid en bra anledning till att ett spel blir en klassiker. I Frankrike spelade man dam f\u00f6r ettusen \u00e5r sedan, medan kvarnspel var favoriten i det forntida Egypten. B\u00e5da spelen g\u00e5r ut p\u00e5 att s\u00e4tta motst\u00e5ndaren i en sv\u00e5r situation, men det kr\u00e4vs mycket strategiskt t\u00e4nkande f\u00f6r att vinna. Den h\u00e4r l\u00e5dan inneh\u00e5ller tv\u00e5 slitstarka klassiker som helt s\u00e4kert kommer att bjuda p\u00e5 sp\u00e4nning i minst ettusen \u00e5r till!<\/p>\n","protected":false},"excerpt":{"rendered":"<p>Roa er med ett underh\u00e5llande parti av damspel eller kvarnspel. I damspel ska du f\u00f6rs\u00f6ka f\u00e5nga eller blockera din motst\u00e5ndares spelpj\u00e4ser medan du i kvarnspel ska str\u00e4va efter att minska motst\u00e5ndarens pj\u00e4ser till tv\u00e5 eller blockera dem s\u00e5 att de inte kan r\u00f6ra sig.<\/p>\n","protected":false},"featured_media":0,"template":"","meta":{"content-type":"","_monsterinsights_skip_tracking":false,"_monsterinsights_sitenote_active":false,"_monsterinsights_sitenote_note":"","_monsterinsights_sitenote_category":0},"product_brand":[],"product_cat":[813],"product_tag":[1238],"brand":[],"target-group":[],"discontinued":[],"class_list":{"0":"post-186746","1":"product","2":"type-product","3":"status-publish","5":"product_cat-resespel","6":"product_tag-strategi-sv","8":"first","9":"instock","10":"taxable","11":"shipping-taxable","12":"product-type-simple"},"aioseo_notices":[],"_links":{"self":[{"href":"https:\/\/games.tactic.net\/sv\/wp-json\/wp\/v2\/product\/186746","targetHints":{"allow":["GET"]}}],"collection":[{"href":"https:\/\/games.tactic.net\/sv\/wp-json\/wp\/v2\/product"}],"about":[{"href":"https:\/\/games.tactic.net\/sv\/wp-json\/wp\/v2\/types\/product"}],"wp:attachment":[{"href":"https:\/\/games.tactic.net\/sv\/wp-json\/wp\/v2\/media?parent=186746"}],"wp:term":[{"taxonomy":"product_brand","embeddable":true,"href":"https:\/\/games.tactic.net\/sv\/wp-json\/wp\/v2\/product_brand?post=186746"},{"taxonomy":"product_cat","embeddable":true,"href":"https:\/\/games.tactic.net\/sv\/wp-json\/wp\/v2\/product_cat?post=186746"},{"taxonomy":"product_tag","embeddable":true,"href":"https:\/\/games.tactic.net\/sv\/wp-json\/wp\/v2\/product_tag?post=186746"},{"taxonomy":"brand","embeddable":true,"href":"https:\/\/games.tactic.net\/sv\/wp-json\/wp\/v2\/brand?post=186746"},{"taxonomy":"target-group","embeddable":true,"href":"https:\/\/games.tactic.net\/sv\/wp-json\/wp\/v2\/target-group?post=186746"},{"taxonomy":"discontinued","embeddable":true,"href":"https:\/\/games.tactic.net\/sv\/wp-json\/wp\/v2\/discontinued?post=186746"}],"curies":[{"name":"wp","href":"https:\/\/api.w.org\/{rel}","templated":true}]}}