{"id":186717,"date":"2021-09-29T13:54:32","date_gmt":"2021-09-29T10:54:32","guid":{"rendered":"http:\/\/dev.tactic.net\/tuote\/sant-eller-falskt-2\/"},"modified":"2023-10-06T16:43:49","modified_gmt":"2023-10-06T13:43:49","slug":"sant-eller-falskt-2","status":"publish","type":"product","link":"https:\/\/games.tactic.net\/sv\/tuote\/sant-eller-falskt-2\/","title":{"rendered":"Tactic Sant eller falskt? resespel"},"content":{"rendered":"<p>Nonsens, svammel, rappakalja, gallimatias &#8230; eller \u00e4r det sant trots allt? Ett antal p\u00e5st\u00e5enden presenteras f\u00f6r dig \u2013 \u00e4r de sanna eller falska? Kan du avsl\u00f6ja l\u00f6gnerna och f\u00e5 flest segerpo\u00e4ng eller \u00e4r du alldeles f\u00f6r l\u00e4ttlurad? S\u00e4tt p\u00e5 l\u00f6gndetektorn och b\u00f6rja spela! Denna praktiska reseversion \u00e4r enkel att ta med sig \u00f6verallt.<\/p>\n","protected":false},"excerpt":{"rendered":"<p>Ett antal p\u00e5st\u00e5enden presenteras f\u00f6r dig \u2013 \u00e4r de sanna eller falska? Kan du avsl\u00f6ja l\u00f6gnerna och f\u00e5 flest segerpo\u00e4ng eller \u00e4r du alldeles f\u00f6r l\u00e4ttlurad?<\/p>\n","protected":false},"featured_media":0,"template":"","meta":{"content-type":"","_monsterinsights_skip_tracking":false,"_monsterinsights_sitenote_active":false,"_monsterinsights_sitenote_note":"","_monsterinsights_sitenote_category":0},"product_brand":[],"product_cat":[813],"product_tag":[],"brand":[],"target-group":[],"discontinued":[],"class_list":{"0":"post-186717","1":"product","2":"type-product","3":"status-publish","5":"product_cat-resespel","7":"first","8":"instock","9":"taxable","10":"shipping-taxable","11":"product-type-simple"},"aioseo_notices":[],"_links":{"self":[{"href":"https:\/\/games.tactic.net\/sv\/wp-json\/wp\/v2\/product\/186717","targetHints":{"allow":["GET"]}}],"collection":[{"href":"https:\/\/games.tactic.net\/sv\/wp-json\/wp\/v2\/product"}],"about":[{"href":"https:\/\/games.tactic.net\/sv\/wp-json\/wp\/v2\/types\/product"}],"wp:attachment":[{"href":"https:\/\/games.tactic.net\/sv\/wp-json\/wp\/v2\/media?parent=186717"}],"wp:term":[{"taxonomy":"product_brand","embeddable":true,"href":"https:\/\/games.tactic.net\/sv\/wp-json\/wp\/v2\/product_brand?post=186717"},{"taxonomy":"product_cat","embeddable":true,"href":"https:\/\/games.tactic.net\/sv\/wp-json\/wp\/v2\/product_cat?post=186717"},{"taxonomy":"product_tag","embeddable":true,"href":"https:\/\/games.tactic.net\/sv\/wp-json\/wp\/v2\/product_tag?post=186717"},{"taxonomy":"brand","embeddable":true,"href":"https:\/\/games.tactic.net\/sv\/wp-json\/wp\/v2\/brand?post=186717"},{"taxonomy":"target-group","embeddable":true,"href":"https:\/\/games.tactic.net\/sv\/wp-json\/wp\/v2\/target-group?post=186717"},{"taxonomy":"discontinued","embeddable":true,"href":"https:\/\/games.tactic.net\/sv\/wp-json\/wp\/v2\/discontinued?post=186717"}],"curies":[{"name":"wp","href":"https:\/\/api.w.org\/{rel}","templated":true}]}}