{"id":186660,"date":"2021-09-29T13:54:22","date_gmt":"2021-09-29T10:54:22","guid":{"rendered":"http:\/\/dev.tactic.net\/tuote\/snakes-ladders\/"},"modified":"2023-10-17T19:08:36","modified_gmt":"2023-10-17T16:08:36","slug":"snakes-ladders","status":"publish","type":"product","link":"https:\/\/games.tactic.net\/sv\/tuote\/snakes-ladders\/","title":{"rendered":"Tactic Kl\u00e4ttra och kana resespel"},"content":{"rendered":"<p>Stopp! \u00c5k inte iv\u00e4g p\u00e5 sommarsemester utan det perfekta spelet! I denna familjefavorit skyndar sig spelarna mot m\u00e5llinjen genom att sl\u00e5 t\u00e4rningen och kl\u00e4ttra uppf\u00f6r stegen. Du kan chansa och hoppa f\u00f6re alla de andra, men var f\u00f6rsiktig \u2026 p\u00e5 en del stegar kanar du bara tillbaka ner till starten igen! \ufeff<\/p>\n","protected":false},"excerpt":{"rendered":"<p>Kasta t\u00e4rningen och racet b\u00f6rjar! Om du har tur landar du p\u00e5 en ruta med en bl\u00e5 stege och hoppar f\u00f6re de andra spelarna. Men se upp f\u00f6r de r\u00f6da stegarna \u2013 de g\u00f6r att du trillar ner. F\u00f6rst till sista rutan vinner!<\/p>\n","protected":false},"featured_media":0,"template":"","meta":{"content-type":"","_monsterinsights_skip_tracking":false,"_monsterinsights_sitenote_active":false,"_monsterinsights_sitenote_note":"","_monsterinsights_sitenote_category":0},"product_brand":[],"product_cat":[1532],"product_tag":[857],"brand":[],"target-group":[],"discontinued":[],"class_list":{"0":"post-186660","1":"product","2":"type-product","3":"status-publish","5":"product_cat-resespel-barnspel","6":"product_tag-tur","8":"first","9":"instock","10":"taxable","11":"shipping-taxable","12":"product-type-simple"},"aioseo_notices":[],"_links":{"self":[{"href":"https:\/\/games.tactic.net\/sv\/wp-json\/wp\/v2\/product\/186660","targetHints":{"allow":["GET"]}}],"collection":[{"href":"https:\/\/games.tactic.net\/sv\/wp-json\/wp\/v2\/product"}],"about":[{"href":"https:\/\/games.tactic.net\/sv\/wp-json\/wp\/v2\/types\/product"}],"wp:attachment":[{"href":"https:\/\/games.tactic.net\/sv\/wp-json\/wp\/v2\/media?parent=186660"}],"wp:term":[{"taxonomy":"product_brand","embeddable":true,"href":"https:\/\/games.tactic.net\/sv\/wp-json\/wp\/v2\/product_brand?post=186660"},{"taxonomy":"product_cat","embeddable":true,"href":"https:\/\/games.tactic.net\/sv\/wp-json\/wp\/v2\/product_cat?post=186660"},{"taxonomy":"product_tag","embeddable":true,"href":"https:\/\/games.tactic.net\/sv\/wp-json\/wp\/v2\/product_tag?post=186660"},{"taxonomy":"brand","embeddable":true,"href":"https:\/\/games.tactic.net\/sv\/wp-json\/wp\/v2\/brand?post=186660"},{"taxonomy":"target-group","embeddable":true,"href":"https:\/\/games.tactic.net\/sv\/wp-json\/wp\/v2\/target-group?post=186660"},{"taxonomy":"discontinued","embeddable":true,"href":"https:\/\/games.tactic.net\/sv\/wp-json\/wp\/v2\/discontinued?post=186660"}],"curies":[{"name":"wp","href":"https:\/\/api.w.org\/{rel}","templated":true}]}}