{"id":186617,"date":"2021-09-29T13:54:13","date_gmt":"2021-09-29T10:54:13","guid":{"rendered":"http:\/\/dev.tactic.net\/tuote\/iknow-2-0\/"},"modified":"2023-10-06T16:43:29","modified_gmt":"2023-10-06T13:43:29","slug":"iknow-2-0","status":"publish","type":"product","link":"https:\/\/games.tactic.net\/sv\/tuote\/iknow-2-0\/","title":{"rendered":"Tactic iKNOW 2.0 resespel"},"content":{"rendered":"<p>Detta \u00e4r iKNOW 2.0 resespel \u2013 den senaste nykomlingen i den popul\u00e4ra serien iKNOW! Fr\u00e5gesport brukar erbjuda spelarna en m\u00f6jlighet att sl\u00e5 sina medspelare i allm\u00e4nbildning, men i det h\u00e4r spelet ska man samla po\u00e4ng p\u00e5 flera s\u00e4tt: dels genom att svara r\u00e4tt p\u00e5 fr\u00e5gan, men dels genom att f\u00f6ruts\u00e4ga vad de andra kommer att svara och dels genom att stj\u00e4la po\u00e4ng fr\u00e5n motst\u00e5ndarna. Fr\u00e5gorna passar f\u00f6r hela familjen, s\u00e5 alla f\u00e5r m\u00f6jlighet att gl\u00e4nsa med sina kunskaper!<\/p>\n","protected":false},"excerpt":{"rendered":"<p>iKNOW 2.0 Travel \u00e4r ett kunskapsspel d\u00e4r varje spelare \u2013 ung eller gammal \u2013 har lika stor chans att vinna. Skaffa dig ett f\u00f6rspr\u00e5ng genom att svara r\u00e4tt p\u00e5 fr\u00e5gorna och tj\u00e4na lite extra p\u00e5 att k\u00e4nna till vad de andra spelarna kan. Det g\u00e4ller att satsa p\u00e5 r\u00e4tt alternativ! Om du tror att du vet b\u00e4ttre, kan du \u00f6verlista dina motspelare och stj\u00e4la n\u00e5gra extra po\u00e4ng! Fyra olika kategorier med fr\u00e5gor garanterar att varje spelare f\u00e5r m\u00f6jlighet att gl\u00e4nsa och samla po\u00e4ng.<\/p>\n","protected":false},"featured_media":0,"template":"","meta":{"content-type":"","_monsterinsights_skip_tracking":false,"_monsterinsights_sitenote_active":false,"_monsterinsights_sitenote_note":"","_monsterinsights_sitenote_category":0},"product_brand":[],"product_cat":[813],"product_tag":[849],"brand":[{"id":2093,"name":"iKNOW","slug":"iknow-3"}],"target-group":[],"discontinued":[],"class_list":{"0":"post-186617","1":"product","2":"type-product","3":"status-publish","5":"product_cat-resespel","6":"product_tag-kunskap","7":"brand-iknow-3","9":"first","10":"instock","11":"taxable","12":"shipping-taxable","13":"product-type-simple"},"aioseo_notices":[],"_links":{"self":[{"href":"https:\/\/games.tactic.net\/sv\/wp-json\/wp\/v2\/product\/186617","targetHints":{"allow":["GET"]}}],"collection":[{"href":"https:\/\/games.tactic.net\/sv\/wp-json\/wp\/v2\/product"}],"about":[{"href":"https:\/\/games.tactic.net\/sv\/wp-json\/wp\/v2\/types\/product"}],"wp:attachment":[{"href":"https:\/\/games.tactic.net\/sv\/wp-json\/wp\/v2\/media?parent=186617"}],"wp:term":[{"taxonomy":"product_brand","embeddable":true,"href":"https:\/\/games.tactic.net\/sv\/wp-json\/wp\/v2\/product_brand?post=186617"},{"taxonomy":"product_cat","embeddable":true,"href":"https:\/\/games.tactic.net\/sv\/wp-json\/wp\/v2\/product_cat?post=186617"},{"taxonomy":"product_tag","embeddable":true,"href":"https:\/\/games.tactic.net\/sv\/wp-json\/wp\/v2\/product_tag?post=186617"},{"taxonomy":"brand","embeddable":true,"href":"https:\/\/games.tactic.net\/sv\/wp-json\/wp\/v2\/brand?post=186617"},{"taxonomy":"target-group","embeddable":true,"href":"https:\/\/games.tactic.net\/sv\/wp-json\/wp\/v2\/target-group?post=186617"},{"taxonomy":"discontinued","embeddable":true,"href":"https:\/\/games.tactic.net\/sv\/wp-json\/wp\/v2\/discontinued?post=186617"}],"curies":[{"name":"wp","href":"https:\/\/api.w.org\/{rel}","templated":true}]}}