{"id":186560,"date":"2021-09-29T13:54:04","date_gmt":"2021-09-29T10:54:04","guid":{"rendered":"http:\/\/dev.tactic.net\/tuote\/iknow-junior\/"},"modified":"2022-11-02T12:33:13","modified_gmt":"2022-11-02T10:33:13","slug":"iknow-junior","status":"publish","type":"product","link":"https:\/\/games.tactic.net\/sv\/tuote\/iknow-junior\/","title":{"rendered":"Tactic iKNOW Junior resespel"},"content":{"rendered":"<p>Man f\u00e5r faktiskt lov att ha roligt medan man l\u00e4r sig grejer! Sp\u00e4nnande uppgifter och intressanta fr\u00e5gor l\u00e5ter barnen testa sina f\u00f6rm\u00e5gor, l\u00e4ra sig nya saker och be en v\u00e4n om hj\u00e4lp. iKNOW Junior Travel \u00e4r en kompakt version av det stora br\u00e4dspelet och \u00e4r l\u00e4tt att plocka med p\u00e5 bussresan eller i husvagnen. De olika uppdragen erbjuder spelarna mycket variation, s\u00e5 spelet \u00e4r roligt att spela om och om igen.<\/p>\n","protected":false},"excerpt":{"rendered":"<p>Utf\u00f6r roliga uppgifter p\u00e5 egen hand eller ihop med en v\u00e4n! Du f\u00e5r l\u00e4ra dig nya saker och utforska v\u00e4rlden med hj\u00e4lp av intressanta fr\u00e5gor! iKNOW Junior ger ocks\u00e5 vuxna en m\u00f6jlighet att hj\u00e4lpa spelarna och styra dem \u00e5t r\u00e4tt h\u00e5ll s\u00e5 att de kan l\u00f6sa uppgifterna.<\/p>\n","protected":false},"featured_media":0,"template":"","meta":{"content-type":"","_monsterinsights_skip_tracking":false,"_monsterinsights_sitenote_active":false,"_monsterinsights_sitenote_note":"","_monsterinsights_sitenote_category":0},"product_brand":[],"product_cat":[1532],"product_tag":[849,1254],"brand":[{"id":2093,"name":"iKNOW","slug":"iknow-3"}],"target-group":[],"discontinued":[],"class_list":{"0":"post-186560","1":"product","2":"type-product","3":"status-publish","5":"product_cat-resespel-barnspel","6":"product_tag-kunskap","7":"product_tag-pedagogisk-sv","8":"brand-iknow-3","10":"first","11":"instock","12":"taxable","13":"shipping-taxable","14":"product-type-simple"},"aioseo_notices":[],"_links":{"self":[{"href":"https:\/\/games.tactic.net\/sv\/wp-json\/wp\/v2\/product\/186560","targetHints":{"allow":["GET"]}}],"collection":[{"href":"https:\/\/games.tactic.net\/sv\/wp-json\/wp\/v2\/product"}],"about":[{"href":"https:\/\/games.tactic.net\/sv\/wp-json\/wp\/v2\/types\/product"}],"wp:attachment":[{"href":"https:\/\/games.tactic.net\/sv\/wp-json\/wp\/v2\/media?parent=186560"}],"wp:term":[{"taxonomy":"product_brand","embeddable":true,"href":"https:\/\/games.tactic.net\/sv\/wp-json\/wp\/v2\/product_brand?post=186560"},{"taxonomy":"product_cat","embeddable":true,"href":"https:\/\/games.tactic.net\/sv\/wp-json\/wp\/v2\/product_cat?post=186560"},{"taxonomy":"product_tag","embeddable":true,"href":"https:\/\/games.tactic.net\/sv\/wp-json\/wp\/v2\/product_tag?post=186560"},{"taxonomy":"brand","embeddable":true,"href":"https:\/\/games.tactic.net\/sv\/wp-json\/wp\/v2\/brand?post=186560"},{"taxonomy":"target-group","embeddable":true,"href":"https:\/\/games.tactic.net\/sv\/wp-json\/wp\/v2\/target-group?post=186560"},{"taxonomy":"discontinued","embeddable":true,"href":"https:\/\/games.tactic.net\/sv\/wp-json\/wp\/v2\/discontinued?post=186560"}],"curies":[{"name":"wp","href":"https:\/\/api.w.org\/{rel}","templated":true}]}}