{"id":186417,"date":"2021-09-29T13:53:38","date_gmt":"2021-09-29T10:53:38","guid":{"rendered":"http:\/\/dev.tactic.net\/tuote\/top-pranks-gift-box\/"},"modified":"2023-10-17T16:36:14","modified_gmt":"2023-10-17T13:36:14","slug":"top-pranks-gift-box","status":"publish","type":"product","link":"https:\/\/games.tactic.net\/sv\/tuote\/top-pranks-gift-box\/","title":{"rendered":"Tactic Top Pranks Gift Box"},"content":{"rendered":"<p>\u00c4r du en m\u00e4stare p\u00e5 spratt? Denna ask inneh\u00e5ller 21 j\u00e4tteroliga spratt att \u00f6verraska v\u00e4nner och familj med. Bered dig p\u00e5 tokroligt skoj!<\/p>\n","protected":false},"excerpt":{"rendered":"<p>\u00c4r du en m\u00e4stare p\u00e5 spratt? Denna ask inneh\u00e5ller 21 j\u00e4tteroliga spratt att \u00f6verraska v\u00e4nner och familj med. Bered dig p\u00e5 tokroligt skoj!<\/p>\n","protected":false},"featured_media":0,"template":"","meta":{"content-type":"","_monsterinsights_skip_tracking":false,"_monsterinsights_sitenote_active":false,"_monsterinsights_sitenote_note":"","_monsterinsights_sitenote_category":0},"product_brand":[],"product_cat":[1616],"product_tag":[1227,932],"brand":[],"target-group":[],"discontinued":[],"class_list":{"0":"post-186417","1":"product","2":"type-product","3":"status-publish","5":"product_cat-magiska-trick-och-skamt","6":"product_tag-kreativitet-sv","7":"product_tag-tidsfordriv","9":"first","10":"instock","11":"taxable","12":"shipping-taxable","13":"product-type-simple"},"aioseo_notices":[],"_links":{"self":[{"href":"https:\/\/games.tactic.net\/sv\/wp-json\/wp\/v2\/product\/186417","targetHints":{"allow":["GET"]}}],"collection":[{"href":"https:\/\/games.tactic.net\/sv\/wp-json\/wp\/v2\/product"}],"about":[{"href":"https:\/\/games.tactic.net\/sv\/wp-json\/wp\/v2\/types\/product"}],"wp:attachment":[{"href":"https:\/\/games.tactic.net\/sv\/wp-json\/wp\/v2\/media?parent=186417"}],"wp:term":[{"taxonomy":"product_brand","embeddable":true,"href":"https:\/\/games.tactic.net\/sv\/wp-json\/wp\/v2\/product_brand?post=186417"},{"taxonomy":"product_cat","embeddable":true,"href":"https:\/\/games.tactic.net\/sv\/wp-json\/wp\/v2\/product_cat?post=186417"},{"taxonomy":"product_tag","embeddable":true,"href":"https:\/\/games.tactic.net\/sv\/wp-json\/wp\/v2\/product_tag?post=186417"},{"taxonomy":"brand","embeddable":true,"href":"https:\/\/games.tactic.net\/sv\/wp-json\/wp\/v2\/brand?post=186417"},{"taxonomy":"target-group","embeddable":true,"href":"https:\/\/games.tactic.net\/sv\/wp-json\/wp\/v2\/target-group?post=186417"},{"taxonomy":"discontinued","embeddable":true,"href":"https:\/\/games.tactic.net\/sv\/wp-json\/wp\/v2\/discontinued?post=186417"}],"curies":[{"name":"wp","href":"https:\/\/api.w.org\/{rel}","templated":true}]}}