{"id":186149,"date":"2021-09-29T13:52:22","date_gmt":"2021-09-29T10:52:22","guid":{"rendered":"http:\/\/dev.tactic.net\/tuote\/trendy-mikado\/"},"modified":"2025-08-08T09:01:23","modified_gmt":"2025-08-08T06:01:23","slug":"trendy-mikado","status":"archive","type":"product","link":"https:\/\/games.tactic.net\/sv\/tuote\/trendy-mikado\/","title":{"rendered":"Tactic Trendy Mikado"},"content":{"rendered":"<p>Ett klassiskt och underh\u00e5llande plockspel f\u00f6r hela familjen. Inneh\u00e5ller 41 pinnar.<\/p>\n","protected":false},"excerpt":{"rendered":"<p>Ett klassiskt och underh\u00e5llande plockspel f\u00f6r hela familjen. Inneh\u00e5ller 41 pinnar.<\/p>\n","protected":false},"featured_media":0,"template":"","meta":{"content-type":"","_monsterinsights_skip_tracking":false,"_monsterinsights_sitenote_active":false,"_monsterinsights_sitenote_note":"","_monsterinsights_sitenote_category":0},"product_brand":[],"product_cat":[1525,1577],"product_tag":[932],"brand":[],"target-group":[],"discontinued":[],"class_list":{"0":"post-186149","1":"product","2":"type-product","3":"status-archive","5":"product_cat-klassiker","6":"product_cat-klassiska-spel-vuxenspel","7":"product_tag-tidsfordriv","9":"first","10":"outofstock","11":"taxable","12":"shipping-taxable","13":"product-type-simple"},"aioseo_notices":[],"_links":{"self":[{"href":"https:\/\/games.tactic.net\/sv\/wp-json\/wp\/v2\/product\/186149","targetHints":{"allow":["GET"]}}],"collection":[{"href":"https:\/\/games.tactic.net\/sv\/wp-json\/wp\/v2\/product"}],"about":[{"href":"https:\/\/games.tactic.net\/sv\/wp-json\/wp\/v2\/types\/product"}],"wp:attachment":[{"href":"https:\/\/games.tactic.net\/sv\/wp-json\/wp\/v2\/media?parent=186149"}],"wp:term":[{"taxonomy":"product_brand","embeddable":true,"href":"https:\/\/games.tactic.net\/sv\/wp-json\/wp\/v2\/product_brand?post=186149"},{"taxonomy":"product_cat","embeddable":true,"href":"https:\/\/games.tactic.net\/sv\/wp-json\/wp\/v2\/product_cat?post=186149"},{"taxonomy":"product_tag","embeddable":true,"href":"https:\/\/games.tactic.net\/sv\/wp-json\/wp\/v2\/product_tag?post=186149"},{"taxonomy":"brand","embeddable":true,"href":"https:\/\/games.tactic.net\/sv\/wp-json\/wp\/v2\/brand?post=186149"},{"taxonomy":"target-group","embeddable":true,"href":"https:\/\/games.tactic.net\/sv\/wp-json\/wp\/v2\/target-group?post=186149"},{"taxonomy":"discontinued","embeddable":true,"href":"https:\/\/games.tactic.net\/sv\/wp-json\/wp\/v2\/discontinued?post=186149"}],"curies":[{"name":"wp","href":"https:\/\/api.w.org\/{rel}","templated":true}]}}