{"id":186106,"date":"2021-09-29T13:52:04","date_gmt":"2021-09-29T10:52:04","guid":{"rendered":"http:\/\/dev.tactic.net\/tuote\/crimescenelondon\/"},"modified":"2023-10-25T14:28:59","modified_gmt":"2023-10-25T11:28:59","slug":"crimescenelondon","status":"publish","type":"product","link":"https:\/\/games.tactic.net\/sv\/tuote\/crimescenelondon\/","title":{"rendered":"Gamestorm Crime Scene London 1892 br\u00e4dspel"},"content":{"rendered":"<p>Skr\u00e4ck och fruktan h\u00e5ller London i ett j\u00e4rngrepp sedan Jack the Ripper b\u00f6rjade med sina missd\u00e5d, och nu \u00e4r det p\u00e5 g\u00e5ng att b\u00f6rja om igen. Du anl\u00e4nder till en kuslig brottsplats, men saker och ting \u2026 verkar inte riktigt st\u00e4mma. Det \u00e4r ditt jobb att avg\u00f6ra vad som \u00e4r viktigt och vad som bara \u00e4r en r\u00f6krid\u00e5. Traska l\u00e4ngs gatorna i Whitechapel och leta upp svaren.<\/p>\n","protected":false},"excerpt":{"rendered":"<p>Skr\u00e4ck och fruktan h\u00e5ller London i ett j\u00e4rngrepp sedan Jack the Ripper b\u00f6rjade med sina missd\u00e5d, och nu \u00e4r det p\u00e5 g\u00e5ng att b\u00f6rja om igen. Du anl\u00e4nder till en kuslig brottsplats, men saker och ting \u2026 verkar inte riktigt st\u00e4mma. Det \u00e4r ditt jobb att avg\u00f6ra vad som \u00e4r viktigt och vad som bara \u00e4r en r\u00f6krid\u00e5. Traska l\u00e4ngs gatorna i Whitechapel och leta upp svaren.<\/p>\n","protected":false},"featured_media":0,"template":"","meta":{"content-type":"","_monsterinsights_skip_tracking":false,"_monsterinsights_sitenote_active":false,"_monsterinsights_sitenote_note":"","_monsterinsights_sitenote_category":0},"product_brand":[],"product_cat":[1549],"product_tag":[1235,845],"brand":[{"id":881,"name":"Gamestorm Studio","slug":"gamestormstudio"}],"target-group":[],"discontinued":[],"class_list":{"0":"post-186106","1":"product","2":"type-product","3":"status-publish","5":"product_cat-1549","6":"product_tag-kombinera-sv","7":"product_tag-tillsammans","8":"brand-gamestormstudio","10":"first","11":"outofstock","12":"taxable","13":"shipping-taxable","14":"product-type-simple"},"aioseo_notices":[],"_links":{"self":[{"href":"https:\/\/games.tactic.net\/sv\/wp-json\/wp\/v2\/product\/186106","targetHints":{"allow":["GET"]}}],"collection":[{"href":"https:\/\/games.tactic.net\/sv\/wp-json\/wp\/v2\/product"}],"about":[{"href":"https:\/\/games.tactic.net\/sv\/wp-json\/wp\/v2\/types\/product"}],"wp:attachment":[{"href":"https:\/\/games.tactic.net\/sv\/wp-json\/wp\/v2\/media?parent=186106"}],"wp:term":[{"taxonomy":"product_brand","embeddable":true,"href":"https:\/\/games.tactic.net\/sv\/wp-json\/wp\/v2\/product_brand?post=186106"},{"taxonomy":"product_cat","embeddable":true,"href":"https:\/\/games.tactic.net\/sv\/wp-json\/wp\/v2\/product_cat?post=186106"},{"taxonomy":"product_tag","embeddable":true,"href":"https:\/\/games.tactic.net\/sv\/wp-json\/wp\/v2\/product_tag?post=186106"},{"taxonomy":"brand","embeddable":true,"href":"https:\/\/games.tactic.net\/sv\/wp-json\/wp\/v2\/brand?post=186106"},{"taxonomy":"target-group","embeddable":true,"href":"https:\/\/games.tactic.net\/sv\/wp-json\/wp\/v2\/target-group?post=186106"},{"taxonomy":"discontinued","embeddable":true,"href":"https:\/\/games.tactic.net\/sv\/wp-json\/wp\/v2\/discontinued?post=186106"}],"curies":[{"name":"wp","href":"https:\/\/api.w.org\/{rel}","templated":true}]}}