{"id":186105,"date":"2021-09-29T13:52:01","date_gmt":"2021-09-29T10:52:01","guid":{"rendered":"http:\/\/dev.tactic.net\/tuote\/crime-scene-helsingfors\/"},"modified":"2022-04-07T13:25:04","modified_gmt":"2022-04-07T10:25:04","slug":"crime-scene-helsingfors","status":"publish","type":"product","link":"https:\/\/games.tactic.net\/sv\/tuote\/crime-scene-helsingfors\/","title":{"rendered":"Gamestorm Crime Scene Helsingfors 2012 br\u00e4dspel"},"content":{"rendered":"<p>Ingen kunde v\u00e4l tro att n\u00e5got s\u00e5dant skulle kunna h\u00e4nda i trygga, s\u00e4kra Finland \u2013 ett s\u00e5dant skaml\u00f6st brott! Den allm\u00e4nna s\u00e4kerheten hotas, och du m\u00e5ste finkamma bevismaterialet med f\u00f6r att ta reda p\u00e5 vem som m\u00f6jligen kan hungra efter h\u00e4mnd \u2026<\/p>\n","protected":false},"excerpt":{"rendered":"<p>Ingen kunde v\u00e4l tro att n\u00e5got s\u00e5dant skulle kunna h\u00e4nda i trygga, s\u00e4kra Finland \u2013 ett s\u00e5dant skaml\u00f6st brott! Den allm\u00e4nna s\u00e4kerheten hotas, och du m\u00e5ste finkamma bevismaterialet med f\u00f6r att ta reda p\u00e5 vem som m\u00f6jligen kan hungra efter h\u00e4mnd \u2026<\/p>\n","protected":false},"featured_media":0,"template":"","meta":{"content-type":"","_monsterinsights_skip_tracking":false,"_monsterinsights_sitenote_active":false,"_monsterinsights_sitenote_note":"","_monsterinsights_sitenote_category":0},"product_brand":[],"product_cat":[1549],"product_tag":[1235,845],"brand":[{"id":881,"name":"Gamestorm Studio","slug":"gamestormstudio"}],"target-group":[],"discontinued":[],"class_list":{"0":"post-186105","1":"product","2":"type-product","3":"status-publish","5":"product_cat-1549","6":"product_tag-kombinera-sv","7":"product_tag-tillsammans","8":"brand-gamestormstudio","10":"first","11":"instock","12":"taxable","13":"shipping-taxable","14":"product-type-simple"},"aioseo_notices":[],"_links":{"self":[{"href":"https:\/\/games.tactic.net\/sv\/wp-json\/wp\/v2\/product\/186105","targetHints":{"allow":["GET"]}}],"collection":[{"href":"https:\/\/games.tactic.net\/sv\/wp-json\/wp\/v2\/product"}],"about":[{"href":"https:\/\/games.tactic.net\/sv\/wp-json\/wp\/v2\/types\/product"}],"wp:attachment":[{"href":"https:\/\/games.tactic.net\/sv\/wp-json\/wp\/v2\/media?parent=186105"}],"wp:term":[{"taxonomy":"product_brand","embeddable":true,"href":"https:\/\/games.tactic.net\/sv\/wp-json\/wp\/v2\/product_brand?post=186105"},{"taxonomy":"product_cat","embeddable":true,"href":"https:\/\/games.tactic.net\/sv\/wp-json\/wp\/v2\/product_cat?post=186105"},{"taxonomy":"product_tag","embeddable":true,"href":"https:\/\/games.tactic.net\/sv\/wp-json\/wp\/v2\/product_tag?post=186105"},{"taxonomy":"brand","embeddable":true,"href":"https:\/\/games.tactic.net\/sv\/wp-json\/wp\/v2\/brand?post=186105"},{"taxonomy":"target-group","embeddable":true,"href":"https:\/\/games.tactic.net\/sv\/wp-json\/wp\/v2\/target-group?post=186105"},{"taxonomy":"discontinued","embeddable":true,"href":"https:\/\/games.tactic.net\/sv\/wp-json\/wp\/v2\/discontinued?post=186105"}],"curies":[{"name":"wp","href":"https:\/\/api.w.org\/{rel}","templated":true}]}}