{"id":186096,"date":"2021-09-29T13:51:58","date_gmt":"2021-09-29T10:51:58","guid":{"rendered":"http:\/\/dev.tactic.net\/tuote\/crime-scene-brooklyn\/"},"modified":"2023-10-17T09:44:17","modified_gmt":"2023-10-17T06:44:17","slug":"crime-scene-brooklyn","status":"archive","type":"product","link":"https:\/\/games.tactic.net\/sv\/tuote\/crime-scene-brooklyn\/","title":{"rendered":"Crime Scene: Brooklyn 2002"},"content":{"rendered":"<p>Telefonen ringer \u2013 \u00e4nnu ett mord har beg\u00e5tts i Brooklyn, New York. Ikl\u00e4 dig rollen av en garvad kriminalare som unders\u00f6ker brottsplatsen, letar efter bevis och ledtr\u00e5dar och l\u00f6ser fallet steg f\u00f6r steg. Mordg\u00e5tan kanske f\u00e5r dig att klia dig i huvudet, men svaret finns d\u00e4r, rakt framf\u00f6r n\u00e4san p\u00e5 dig! <\/p>\n","protected":false},"excerpt":{"rendered":"<p>Telefonen ringer \u2013 \u00e4nnu ett mord har beg\u00e5tts i Brooklyn, New York. Ikl\u00e4 dig rollen av en garvad kriminalare som unders\u00f6ker brottsplatsen, letar efter bevis och ledtr\u00e5dar och l\u00f6ser fallet steg f\u00f6r steg. Mordg\u00e5tan kanske f\u00e5r dig att klia dig i huvudet, men svaret finns d\u00e4r, rakt framf\u00f6r n\u00e4san p\u00e5 dig!<\/p>\n","protected":false},"featured_media":0,"template":"","meta":{"content-type":"","_monsterinsights_skip_tracking":false,"_monsterinsights_sitenote_active":false,"_monsterinsights_sitenote_note":"","_monsterinsights_sitenote_category":0},"product_brand":[],"product_cat":[1549],"product_tag":[1235,845],"brand":[{"id":881,"name":"Gamestorm Studio","slug":"gamestormstudio"}],"target-group":[],"discontinued":[],"class_list":{"0":"post-186096","1":"product","2":"type-product","3":"status-archive","5":"product_cat-1549","6":"product_tag-kombinera-sv","7":"product_tag-tillsammans","8":"brand-gamestormstudio","10":"first","11":"outofstock","12":"taxable","13":"shipping-taxable","14":"product-type-simple"},"aioseo_notices":[],"_links":{"self":[{"href":"https:\/\/games.tactic.net\/sv\/wp-json\/wp\/v2\/product\/186096","targetHints":{"allow":["GET"]}}],"collection":[{"href":"https:\/\/games.tactic.net\/sv\/wp-json\/wp\/v2\/product"}],"about":[{"href":"https:\/\/games.tactic.net\/sv\/wp-json\/wp\/v2\/types\/product"}],"wp:attachment":[{"href":"https:\/\/games.tactic.net\/sv\/wp-json\/wp\/v2\/media?parent=186096"}],"wp:term":[{"taxonomy":"product_brand","embeddable":true,"href":"https:\/\/games.tactic.net\/sv\/wp-json\/wp\/v2\/product_brand?post=186096"},{"taxonomy":"product_cat","embeddable":true,"href":"https:\/\/games.tactic.net\/sv\/wp-json\/wp\/v2\/product_cat?post=186096"},{"taxonomy":"product_tag","embeddable":true,"href":"https:\/\/games.tactic.net\/sv\/wp-json\/wp\/v2\/product_tag?post=186096"},{"taxonomy":"brand","embeddable":true,"href":"https:\/\/games.tactic.net\/sv\/wp-json\/wp\/v2\/brand?post=186096"},{"taxonomy":"target-group","embeddable":true,"href":"https:\/\/games.tactic.net\/sv\/wp-json\/wp\/v2\/target-group?post=186096"},{"taxonomy":"discontinued","embeddable":true,"href":"https:\/\/games.tactic.net\/sv\/wp-json\/wp\/v2\/discontinued?post=186096"}],"curies":[{"name":"wp","href":"https:\/\/api.w.org\/{rel}","templated":true}]}}