{"id":185933,"date":"2021-09-29T13:51:35","date_gmt":"2021-09-29T10:51:35","guid":{"rendered":"http:\/\/dev.tactic.net\/tuote\/wanna-bet-challenge\/"},"modified":"2023-12-18T12:19:04","modified_gmt":"2023-12-18T10:19:04","slug":"wanna-bet-challenge","status":"publish","type":"product","link":"https:\/\/games.tactic.net\/sv\/tuote\/wanna-bet-challenge\/","title":{"rendered":"Tactic Ska vi sl\u00e5 vad Utmaningen"},"content":{"rendered":"<p>Den nyaste medlemmen i spelserien Ska vi sl\u00e5 vad kommer att ge spelkv\u00e4llen en hejdundrande start! Ska vi sl\u00e5 vad &#8211; Utmaningen ger spelarna en utm\u00e4rkt m\u00f6jlighet att visa upp vad de kan g\u00f6ra n\u00e4r spelarna st\u00e4lls mot varandra i festliga utmaningar. De andra spelarna ska gissa vilken av spelarna som kommer att vinna utmaningen. Detta underh\u00e5llande familjespel \u00e4r fullt av alla m\u00f6jliga slags utmaningar som h\u00e5ller er ig\u00e5ng!<\/p>\n<p><img decoding=\"async\" src=\"https:\\\\\\\\games.tactic.net\\\\pic\\\\logo\\\\FI_2021_Vuoden_Peli_Partypelit_finalisti.png\"><\/p>\n","protected":false},"excerpt":{"rendered":"<p>Den nyaste medlemmen i spelsortimentet Wanna Bet kommer att ge spelkv\u00e4llen en hejdundrande start! Wanna Bet Challenge ger spelarna en utm\u00e4rkt m\u00f6jlighet att visa upp vad de kan g\u00f6ra n\u00e4r spelarna st\u00e4lls mot varandra i festliga utmaningar. De andra spelarna ska gissa vilken av spelarna som kommer att vinna utmaningen. Detta underh\u00e5llande familjespel \u00e4r fullt av alla m\u00f6jliga slags utmaningar som h\u00e5ller er ig\u00e5ng!<\/p>\n","protected":false},"featured_media":0,"template":"","meta":{"content-type":"","_monsterinsights_skip_tracking":false,"_monsterinsights_sitenote_active":false,"_monsterinsights_sitenote_note":"","_monsterinsights_sitenote_category":0},"product_brand":[],"product_cat":[1541,1540],"product_tag":[845],"brand":[],"target-group":[],"discontinued":[],"class_list":{"0":"post-185933","1":"product","2":"type-product","3":"status-publish","5":"product_cat-party-spel-vuxenspel","6":"product_cat-partyspel","7":"product_tag-tillsammans","9":"first","10":"instock","11":"taxable","12":"shipping-taxable","13":"product-type-simple"},"aioseo_notices":[],"_links":{"self":[{"href":"https:\/\/games.tactic.net\/sv\/wp-json\/wp\/v2\/product\/185933","targetHints":{"allow":["GET"]}}],"collection":[{"href":"https:\/\/games.tactic.net\/sv\/wp-json\/wp\/v2\/product"}],"about":[{"href":"https:\/\/games.tactic.net\/sv\/wp-json\/wp\/v2\/types\/product"}],"wp:attachment":[{"href":"https:\/\/games.tactic.net\/sv\/wp-json\/wp\/v2\/media?parent=185933"}],"wp:term":[{"taxonomy":"product_brand","embeddable":true,"href":"https:\/\/games.tactic.net\/sv\/wp-json\/wp\/v2\/product_brand?post=185933"},{"taxonomy":"product_cat","embeddable":true,"href":"https:\/\/games.tactic.net\/sv\/wp-json\/wp\/v2\/product_cat?post=185933"},{"taxonomy":"product_tag","embeddable":true,"href":"https:\/\/games.tactic.net\/sv\/wp-json\/wp\/v2\/product_tag?post=185933"},{"taxonomy":"brand","embeddable":true,"href":"https:\/\/games.tactic.net\/sv\/wp-json\/wp\/v2\/brand?post=185933"},{"taxonomy":"target-group","embeddable":true,"href":"https:\/\/games.tactic.net\/sv\/wp-json\/wp\/v2\/target-group?post=185933"},{"taxonomy":"discontinued","embeddable":true,"href":"https:\/\/games.tactic.net\/sv\/wp-json\/wp\/v2\/discontinued?post=185933"}],"curies":[{"name":"wp","href":"https:\/\/api.w.org\/{rel}","templated":true}]}}