{"id":185931,"date":"2021-09-29T13:51:28","date_gmt":"2021-09-29T10:51:28","guid":{"rendered":"http:\/\/dev.tactic.net\/tuote\/popularkultur-i-hela-varlden\/"},"modified":"2023-10-23T10:22:31","modified_gmt":"2023-10-23T07:22:31","slug":"popularkultur-i-hela-varlden","status":"publish","type":"product","link":"https:\/\/games.tactic.net\/sv\/tuote\/popularkultur-i-hela-varlden\/","title":{"rendered":"Tactic Popul\u00e4rkultur i hela v\u00e4rlden"},"content":{"rendered":"<p>\u00c4r du en fena p\u00e5 popul\u00e4rkultur? Detta kompakta spel testar dig i n\u00e5gra av v\u00e5r tids mest k\u00e4nda popul\u00e4rkulturella fenomen. P\u00e5 varje kort finns en bild av ett v\u00e4lk\u00e4nt fenomen eller \u00e4mne, en fr\u00e5ga om detta och lite information om dess fascinerande historia. Ingen beh\u00f6ver sitta och v\u00e4nta p\u00e5 sin tur eftersom alla spelare besvarar fr\u00e5gorna samtidigt. Visa nu vad du kan om Popul\u00e4rkultur i hela v\u00e4rlden!<\/p>\n","protected":false},"excerpt":{"rendered":"<p>Detta kompakta spel testar dig i n\u00e5gra av v\u00e5r tids mest k\u00e4nda popul\u00e4rkulturella fenomen. Ingen beh\u00f6ver sitta och v\u00e4nta p\u00e5 sin tur eftersom alla spelare besvarar fr\u00e5gorna samtidigt. Visa nu vad du kan om Popul\u00e4rkultur i hela v\u00e4rlden!<\/p>\n","protected":false},"featured_media":0,"template":"","meta":{"content-type":"","_monsterinsights_skip_tracking":false,"_monsterinsights_sitenote_active":false,"_monsterinsights_sitenote_note":"","_monsterinsights_sitenote_category":0},"product_brand":[],"product_cat":[1523],"product_tag":[849,1254],"brand":[],"target-group":[],"discontinued":[],"class_list":{"0":"post-185931","1":"product","2":"type-product","3":"status-publish","5":"product_cat-fragespel-vuxenspel","6":"product_tag-kunskap","7":"product_tag-pedagogisk-sv","9":"first","10":"instock","11":"taxable","12":"shipping-taxable","13":"product-type-simple"},"aioseo_notices":[],"_links":{"self":[{"href":"https:\/\/games.tactic.net\/sv\/wp-json\/wp\/v2\/product\/185931","targetHints":{"allow":["GET"]}}],"collection":[{"href":"https:\/\/games.tactic.net\/sv\/wp-json\/wp\/v2\/product"}],"about":[{"href":"https:\/\/games.tactic.net\/sv\/wp-json\/wp\/v2\/types\/product"}],"wp:attachment":[{"href":"https:\/\/games.tactic.net\/sv\/wp-json\/wp\/v2\/media?parent=185931"}],"wp:term":[{"taxonomy":"product_brand","embeddable":true,"href":"https:\/\/games.tactic.net\/sv\/wp-json\/wp\/v2\/product_brand?post=185931"},{"taxonomy":"product_cat","embeddable":true,"href":"https:\/\/games.tactic.net\/sv\/wp-json\/wp\/v2\/product_cat?post=185931"},{"taxonomy":"product_tag","embeddable":true,"href":"https:\/\/games.tactic.net\/sv\/wp-json\/wp\/v2\/product_tag?post=185931"},{"taxonomy":"brand","embeddable":true,"href":"https:\/\/games.tactic.net\/sv\/wp-json\/wp\/v2\/brand?post=185931"},{"taxonomy":"target-group","embeddable":true,"href":"https:\/\/games.tactic.net\/sv\/wp-json\/wp\/v2\/target-group?post=185931"},{"taxonomy":"discontinued","embeddable":true,"href":"https:\/\/games.tactic.net\/sv\/wp-json\/wp\/v2\/discontinued?post=185931"}],"curies":[{"name":"wp","href":"https:\/\/api.w.org\/{rel}","templated":true}]}}